{"id":6220,"date":"2022-09-20T07:36:21","date_gmt":"2022-09-20T07:36:21","guid":{"rendered":"https:\/\/www.bullray.eu\/?page_id=6220"},"modified":"2022-09-20T08:36:44","modified_gmt":"2022-09-20T08:36:44","slug":"sistemas-de-controlo-de-fronteiras-3","status":"publish","type":"page","link":"https:\/\/www.bullray.eu\/fr\/sistemas-de-controlo-de-fronteiras-3\/","title":{"rendered":"Centro Integrado de Seguran\u00e7a P\u00fablica &#8211; CISP"},"content":{"rendered":"<div data-elementor-type=\"wp-page\" data-elementor-id=\"6220\" class=\"elementor elementor-6220\">\n\t\t\t\t\t\t<section class=\"elementor-section elementor-top-section elementor-element elementor-element-7c25060 elementor-section-stretched elementor-section-full_width elementor-section-height-full elementor-section-height-default elementor-section-items-middle\" data-id=\"7c25060\" data-element_type=\"section\" data-e-type=\"section\" data-settings=\"{&quot;stretch_section&quot;:&quot;section-stretched&quot;}\">\n\t\t\t\t\t\t<div class=\"elementor-container elementor-column-gap-no\">\n\t\t\t\t\t<div class=\"elementor-column elementor-col-100 elementor-top-column elementor-element elementor-element-5bbd0d2\" data-id=\"5bbd0d2\" data-element_type=\"column\" data-e-type=\"column\">\n\t\t\t<div class=\"elementor-widget-wrap elementor-element-populated\">\n\t\t\t\t\t\t<div class=\"elementor-element elementor-element-1013fc6 elementor-widget elementor-widget-saasland_hero\" data-id=\"1013fc6\" data-element_type=\"widget\" data-e-type=\"widget\" data-widget_type=\"saasland_hero.default\">\n\t\t\t\t<div class=\"elementor-widget-container\">\n\t\t\t\t\t<section class=\"payment_banner_area\">\r\n    <div class=\"shape one\"><\/div>\r\n    <div class=\"shape two\"><\/div>\r\n    <div class=\"container\">\r\n        <div class=\"payment_banner_content wow fadeInLeft\" data-wow-delay=\"0.4s\">\r\n                        <h2 class=\"f_p f_700 f_size_50 w_color\">\r\n            Centre Int\u00e9gr\u00e9 de S\u00e9curit\u00e9 Publique - CISP        <\/h2>\r\n        \r\n                    <p class=\"w_color f_p f_size_18\">\r\n                Portail de soutien citoyen en ligne sur la pand\u00e9mie de Covid-19            <\/p>\r\n                <div class=\"action_btn d-flex align-items-center mt_60\">\r\n                    <\/div>\r\n    <\/div>\r\n    <\/div>\r\n    <div class=\"animation_img_two wow fadeInRight\" data-wow-delay=\"0.5s\">\r\n        <img fetchpriority=\"high\" decoding=\"async\" width=\"1125\" height=\"752\" src=\"https:\/\/www.bullray.eu\/wp-content\/uploads\/2022\/09\/cisp-1.png\" class=\"attachment-full size-full\" alt=\"\" srcset=\"https:\/\/www.bullray.eu\/wp-content\/uploads\/2022\/09\/cisp-1.png 1125w, https:\/\/www.bullray.eu\/wp-content\/uploads\/2022\/09\/cisp-1-300x201.png 300w, https:\/\/www.bullray.eu\/wp-content\/uploads\/2022\/09\/cisp-1-1024x684.png 1024w, https:\/\/www.bullray.eu\/wp-content\/uploads\/2022\/09\/cisp-1-768x513.png 768w, https:\/\/www.bullray.eu\/wp-content\/uploads\/2022\/09\/cisp-1-18x12.png 18w\" sizes=\"(max-width: 1125px) 100vw, 1125px\" \/>    <\/div>\r\n            <img decoding=\"async\" class=\"svg_intro_bottom\" src=\"https:\/\/www.bullray.eu\/wp-content\/plugins\/saasland-core\/widgets\/images\/shape_home9.png\" alt=\"Centro Integrado de Seguran\u00e7a P\u00fablica - CISP\">\r\n    <\/section>\t\t\t\t<\/div>\n\t\t\t\t<\/div>\n\t\t\t\t\t<\/div>\n\t\t<\/div>\n\t\t\t\t\t<\/div>\n\t\t<\/section>\n\t\t\t\t<section class=\"elementor-section elementor-top-section elementor-element elementor-element-69316d8 elementor-section-stretched elementor-section-content-middle elementor-section-boxed elementor-section-height-default elementor-section-height-default\" data-id=\"69316d8\" data-element_type=\"section\" data-e-type=\"section\" data-settings=\"{&quot;stretch_section&quot;:&quot;section-stretched&quot;}\">\n\t\t\t\t\t\t<div class=\"elementor-container elementor-column-gap-default\">\n\t\t\t\t\t<div class=\"elementor-column elementor-col-100 elementor-top-column elementor-element elementor-element-189aea7\" data-id=\"189aea7\" data-element_type=\"column\" data-e-type=\"column\">\n\t\t\t<div class=\"elementor-widget-wrap elementor-element-populated\">\n\t\t\t\t\t\t<section class=\"elementor-section elementor-inner-section elementor-element elementor-element-d101b36 elementor-section-boxed elementor-section-height-default elementor-section-height-default\" data-id=\"d101b36\" data-element_type=\"section\" data-e-type=\"section\">\n\t\t\t\t\t\t<div class=\"elementor-container elementor-column-gap-default\">\n\t\t\t\t\t<div class=\"elementor-column elementor-col-50 elementor-inner-column elementor-element elementor-element-23a3fce\" data-id=\"23a3fce\" data-element_type=\"column\" data-e-type=\"column\">\n\t\t\t<div class=\"elementor-widget-wrap elementor-element-populated\">\n\t\t\t\t\t\t<div class=\"elementor-element elementor-element-a490a00 elementor-widget elementor-widget-text-editor\" data-id=\"a490a00\" data-element_type=\"widget\" data-e-type=\"widget\" data-widget_type=\"text-editor.default\">\n\t\t\t\t<div class=\"elementor-widget-container\">\n\t\t\t\t\t\t\t\t\t<p>Portail cr\u00e9\u00e9 pour aider les citoyens pendant la pand\u00e9mie en Angola. Ce portail a \u00e9t\u00e9 d\u00e9velopp\u00e9 pour que les citoyens puissent toujours \u00eatre inform\u00e9s de la situation du pays, signaler les personnes potentiellement infect\u00e9es par le Covid-19 et passer un test de d\u00e9pistage du Covid-19 100 % num\u00e9rique.<\/p>\t\t\t\t\t\t\t\t<\/div>\n\t\t\t\t<\/div>\n\t\t\t\t\t<\/div>\n\t\t<\/div>\n\t\t\t\t<div class=\"elementor-column elementor-col-50 elementor-inner-column elementor-element elementor-element-8406da7\" data-id=\"8406da7\" data-element_type=\"column\" data-e-type=\"column\">\n\t\t\t<div class=\"elementor-widget-wrap elementor-element-populated\">\n\t\t\t\t\t\t<div class=\"elementor-element elementor-element-531777a elementor-widget elementor-widget-text-editor\" data-id=\"531777a\" data-element_type=\"widget\" data-e-type=\"widget\" data-widget_type=\"text-editor.default\">\n\t\t\t\t<div class=\"elementor-widget-container\">\n\t\t\t\t\t\t\t\t\t<p>Le portail est accessible \u00e0 tout citoyen. Toutes les informations recueillies lors des tests de d\u00e9pistage sont tri\u00e9es par une \u00e9quipe sp\u00e9cialis\u00e9e qui suit le processus s'il est n\u00e9cessaire que le citoyen soit potentiellement infect\u00e9.<\/p>\t\t\t\t\t\t\t\t<\/div>\n\t\t\t\t<\/div>\n\t\t\t\t\t<\/div>\n\t\t<\/div>\n\t\t\t\t\t<\/div>\n\t\t<\/section>\n\t\t\t\t<div class=\"elementor-element elementor-element-87dc15e elementor-widget elementor-widget-saasland_appart_features\" data-id=\"87dc15e\" data-element_type=\"widget\" data-e-type=\"widget\" data-widget_type=\"saasland_appart_features.default\">\n\t\t\t\t<div class=\"elementor-widget-container\">\n\t\t\t\t\t        <section class=\"features-area-five features-area-six\">\r\n                        <div class=\"container\">\r\n                <div class=\"title-four text-center\">\r\n                     <h2> Avantages du syst\u00e8me <\/h2>                                     <\/div>\r\n                <div class=\"row\">\r\n                                                <div class=\"col-md-4 col-sm-6 feature-five-item\">\r\n                                                                        <div class=\"round\">\r\n                                            <i class=\"fa fa-shield\" style=\"color: #6EC1E4;\"><\/i>\r\n                                        <\/div>\r\n                                                                        <h2> Evolution des cas signal\u00e9s <\/h2>\r\n                                                                                                    <\/div>\r\n                                                        <div class=\"col-md-4 col-sm-6 feature-five-item\">\r\n                                                                        <div class=\"round\">\r\n                                            <i class=\"ti-map-alt\" style=\"color: #6EC1E4;\"><\/i>\r\n                                        <\/div>\r\n                                                                        <h2> Carte interactive des cas de COVID-19 <\/h2>\r\n                                                                                                    <\/div>\r\n                                                        <div class=\"col-md-4 col-sm-6 feature-five-item\">\r\n                                                                        <div class=\"round\">\r\n                                            <i class=\"fa fa-user-secret\" style=\"color: #6EC1E4;\"><\/i>\r\n                                        <\/div>\r\n                                                                        <h2> Plaintes Covid-19 <\/h2>\r\n                                                                                                    <\/div>\r\n                                            <\/div>\r\n            <\/div>\r\n        <\/section>\r\n        \t\t\t\t<\/div>\n\t\t\t\t<\/div>\n\t\t\t\t\t<\/div>\n\t\t<\/div>\n\t\t\t\t\t<\/div>\n\t\t<\/section>\n\t\t\t\t<section class=\"elementor-section elementor-top-section elementor-element elementor-element-537a4934 elementor-section-stretched elementor-section-boxed elementor-section-height-default elementor-section-height-default\" data-id=\"537a4934\" data-element_type=\"section\" data-e-type=\"section\" data-settings=\"{&quot;stretch_section&quot;:&quot;section-stretched&quot;}\">\n\t\t\t\t\t\t\t<div class=\"elementor-background-overlay\"><\/div>\n\t\t\t\t\t\t\t<div class=\"elementor-container elementor-column-gap-default\">\n\t\t\t\t\t<div class=\"elementor-column elementor-col-100 elementor-top-column elementor-element elementor-element-14fb58fa\" data-id=\"14fb58fa\" data-element_type=\"column\" data-e-type=\"column\">\n\t\t\t<div class=\"elementor-widget-wrap elementor-element-populated\">\n\t\t\t\t\t\t<div class=\"elementor-element elementor-element-5e650882 elementor-widget elementor-widget-saasland_appart_c2a\" data-id=\"5e650882\" data-element_type=\"widget\" data-e-type=\"widget\" data-widget_type=\"saasland_appart_c2a.default\">\n\t\t\t\t<div class=\"elementor-widget-container\">\n\t\t\t\t\t            <section class=\"overview-area\">\r\n                <div class=\"container-fluid\">\r\n                    <div class=\"row\">\r\n                        <div class=\"col-md-6 col-12 overview-details-left\">\r\n                                                            <img decoding=\"async\" src=\"https:\/\/www.bullray.eu\/wp-content\/uploads\/2020\/02\/customer_service.svg\"\r\n                                     class=\"img-responsive\" alt=\"Deseja saber mais?\">\r\n                                                    <\/div>\r\n                        <div class=\"col-md-6 col-12 overview-details-right\">\r\n                            <div class=\"overview-details\">\r\n                                <div class=\"title-four\">\r\n                                                                            <h2> Voulez-vous en savoir plus? <\/h2>\r\n                                                                    <\/div>\r\n                                <p>Nous sommes pr\u00eats \u00e0 vous aider avec tout ce dont vous avez besoin, pour toute question, veuillez nous contacter.<\/p>\n                                                                    <a href=\"https:\/\/www.bullray.eu\/fr\/contacte-os-nossos-especialistas\/\"                                        class=\"btn learn-btn-two\">\r\n                                        Contactes\r\n                                    <\/a>\r\n                                                            <\/div>\r\n                        <\/div>\r\n                    <\/div>\r\n                <\/div>\r\n            <\/section>\r\n            \t\t\t\t<\/div>\n\t\t\t\t<\/div>\n\t\t\t\t\t<\/div>\n\t\t<\/div>\n\t\t\t\t\t<\/div>\n\t\t<\/section>\n\t\t\t\t<\/div>","protected":false},"excerpt":{"rendered":"<p>Centro Integrado de Seguran\u00e7a P\u00fablica &#8211; CISP Portal on-line de apoio ao cidad\u00e3o sobre a pandemia Covid-19 Portal criado para ajudar o cidad\u00e3o durante a pandemia vivida em Angola. Este portal foi desenvolvido para que o cidad\u00e3o pudesse estar sempre informado sobre a situa\u00e7\u00e3o no Pa\u00eds, fazer den\u00fancias de pessoas potencialmente infetadas com Covid-19, e [&hellip;]<\/p>\n","protected":false},"author":5,"featured_media":0,"parent":0,"menu_order":0,"comment_status":"closed","ping_status":"closed","template":"elementor_header_footer","meta":{"_monsterinsights_skip_tracking":false,"_monsterinsights_sitenote_active":false,"_monsterinsights_sitenote_note":"","_monsterinsights_sitenote_category":0,"footnotes":""},"class_list":["post-6220","page","type-page","status-publish","hentry","no-post-thumbnail"],"acf":[],"yoast_head":"<!-- This site is optimized with the Yoast SEO plugin v26.5 - https:\/\/yoast.com\/wordpress\/plugins\/seo\/ -->\n<title>Sistemas de Controlo de Fluxos de Passageiros - Bullray - CIT<\/title>\n<meta name=\"description\" content=\"Sistemas de Controlo de Fluxos de Passageiros - Disponibilizamos uma abordagem integrada \u00e0 protec\u00e7\u00e3o de fronteiras assegurando a seguran\u00e7a das fronteiras.\" \/>\n<meta name=\"robots\" content=\"index, follow, max-snippet:-1, max-image-preview:large, max-video-preview:-1\" \/>\n<link rel=\"canonical\" href=\"https:\/\/www.bullray.eu\/fr\/sistemas-de-controlo-de-fronteiras-3\/\" \/>\n<meta property=\"og:locale\" content=\"fr_FR\" \/>\n<meta property=\"og:type\" content=\"article\" \/>\n<meta property=\"og:title\" content=\"Sistemas de Controlo de Fluxos de Passageiros - Bullray - CIT\" \/>\n<meta property=\"og:description\" content=\"Sistemas de Controlo de Fluxos de Passageiros - Disponibilizamos uma abordagem integrada \u00e0 protec\u00e7\u00e3o de fronteiras assegurando a seguran\u00e7a das fronteiras.\" \/>\n<meta property=\"og:url\" content=\"https:\/\/www.bullray.eu\/fr\/sistemas-de-controlo-de-fronteiras-3\/\" \/>\n<meta property=\"og:site_name\" content=\"Bullray - CIT\" \/>\n<meta property=\"article:publisher\" content=\"https:\/\/www.facebook.com\/bullraycitoficial\/\" \/>\n<meta property=\"article:modified_time\" content=\"2022-09-20T08:36:44+00:00\" \/>\n<meta property=\"og:image\" content=\"https:\/\/www.bullray.eu\/wp-content\/uploads\/2022\/09\/cisp-1.png\" \/>\n<meta name=\"twitter:card\" content=\"summary_large_image\" \/>\n<meta name=\"twitter:label1\" content=\"Dur\u00e9e de lecture estim\u00e9e\" \/>\n\t<meta name=\"twitter:data1\" content=\"2 minutes\" \/>\n<script type=\"application\/ld+json\" class=\"yoast-schema-graph\">{\"@context\":\"https:\/\/schema.org\",\"@graph\":[{\"@type\":\"WebPage\",\"@id\":\"https:\/\/www.bullray.eu\/sistemas-de-controlo-de-fronteiras-3\/\",\"url\":\"https:\/\/www.bullray.eu\/sistemas-de-controlo-de-fronteiras-3\/\",\"name\":\"Sistemas de Controlo de Fluxos de Passageiros - Bullray - CIT\",\"isPartOf\":{\"@id\":\"https:\/\/www.bullray.eu\/#website\"},\"primaryImageOfPage\":{\"@id\":\"https:\/\/www.bullray.eu\/sistemas-de-controlo-de-fronteiras-3\/#primaryimage\"},\"image\":{\"@id\":\"https:\/\/www.bullray.eu\/sistemas-de-controlo-de-fronteiras-3\/#primaryimage\"},\"thumbnailUrl\":\"https:\/\/www.bullray.eu\/wp-content\/uploads\/2022\/09\/cisp-1.png\",\"datePublished\":\"2022-09-20T07:36:21+00:00\",\"dateModified\":\"2022-09-20T08:36:44+00:00\",\"description\":\"Sistemas de Controlo de Fluxos de Passageiros - Disponibilizamos uma abordagem integrada \u00e0 protec\u00e7\u00e3o de fronteiras assegurando a seguran\u00e7a das fronteiras.\",\"breadcrumb\":{\"@id\":\"https:\/\/www.bullray.eu\/sistemas-de-controlo-de-fronteiras-3\/#breadcrumb\"},\"inLanguage\":\"fr-FR\",\"potentialAction\":[{\"@type\":\"ReadAction\",\"target\":[\"https:\/\/www.bullray.eu\/sistemas-de-controlo-de-fronteiras-3\/\"]}]},{\"@type\":\"ImageObject\",\"inLanguage\":\"fr-FR\",\"@id\":\"https:\/\/www.bullray.eu\/sistemas-de-controlo-de-fronteiras-3\/#primaryimage\",\"url\":\"https:\/\/www.bullray.eu\/wp-content\/uploads\/2022\/09\/cisp-1.png\",\"contentUrl\":\"https:\/\/www.bullray.eu\/wp-content\/uploads\/2022\/09\/cisp-1.png\"},{\"@type\":\"BreadcrumbList\",\"@id\":\"https:\/\/www.bullray.eu\/sistemas-de-controlo-de-fronteiras-3\/#breadcrumb\",\"itemListElement\":[{\"@type\":\"ListItem\",\"position\":1,\"name\":\"In\u00edcio\",\"item\":\"https:\/\/www.bullray.eu\/\"},{\"@type\":\"ListItem\",\"position\":2,\"name\":\"Centro Integrado de Seguran\u00e7a P\u00fablica &#8211; CISP\"}]},{\"@type\":\"WebSite\",\"@id\":\"https:\/\/www.bullray.eu\/#website\",\"url\":\"https:\/\/www.bullray.eu\/\",\"name\":\"Bullray - CIT\",\"description\":\"Critical Integration Technology\",\"publisher\":{\"@id\":\"https:\/\/www.bullray.eu\/#organization\"},\"potentialAction\":[{\"@type\":\"SearchAction\",\"target\":{\"@type\":\"EntryPoint\",\"urlTemplate\":\"https:\/\/www.bullray.eu\/?s={search_term_string}\"},\"query-input\":{\"@type\":\"PropertyValueSpecification\",\"valueRequired\":true,\"valueName\":\"search_term_string\"}}],\"inLanguage\":\"fr-FR\"},{\"@type\":\"Organization\",\"@id\":\"https:\/\/www.bullray.eu\/#organization\",\"name\":\"Bullray CIT\",\"url\":\"https:\/\/www.bullray.eu\/\",\"logo\":{\"@type\":\"ImageObject\",\"inLanguage\":\"fr-FR\",\"@id\":\"https:\/\/www.bullray.eu\/#\/schema\/logo\/image\/\",\"url\":\"https:\/\/www.bullray.eu\/wp-content\/uploads\/2020\/04\/Logo_Bullray.png\",\"contentUrl\":\"https:\/\/www.bullray.eu\/wp-content\/uploads\/2020\/04\/Logo_Bullray.png\",\"width\":200,\"height\":200,\"caption\":\"Bullray CIT\"},\"image\":{\"@id\":\"https:\/\/www.bullray.eu\/#\/schema\/logo\/image\/\"},\"sameAs\":[\"https:\/\/www.facebook.com\/bullraycitoficial\/\",\"https:\/\/www.linkedin.com\/company\/bullraycit\"]}]}<\/script>\n<!-- \/ Yoast SEO plugin. -->","yoast_head_json":{"title":"Sistemas de Controlo de Fluxos de Passageiros - Bullray - CIT","description":"Sistemas de Controlo de Fluxos de Passageiros - Disponibilizamos uma abordagem integrada \u00e0 protec\u00e7\u00e3o de fronteiras assegurando a seguran\u00e7a das fronteiras.","robots":{"index":"index","follow":"follow","max-snippet":"max-snippet:-1","max-image-preview":"max-image-preview:large","max-video-preview":"max-video-preview:-1"},"canonical":"https:\/\/www.bullray.eu\/fr\/sistemas-de-controlo-de-fronteiras-3\/","og_locale":"fr_FR","og_type":"article","og_title":"Sistemas de Controlo de Fluxos de Passageiros - Bullray - CIT","og_description":"Sistemas de Controlo de Fluxos de Passageiros - Disponibilizamos uma abordagem integrada \u00e0 protec\u00e7\u00e3o de fronteiras assegurando a seguran\u00e7a das fronteiras.","og_url":"https:\/\/www.bullray.eu\/fr\/sistemas-de-controlo-de-fronteiras-3\/","og_site_name":"Bullray - CIT","article_publisher":"https:\/\/www.facebook.com\/bullraycitoficial\/","article_modified_time":"2022-09-20T08:36:44+00:00","og_image":[{"url":"https:\/\/www.bullray.eu\/wp-content\/uploads\/2022\/09\/cisp-1.png","type":"","width":"","height":""}],"twitter_card":"summary_large_image","twitter_misc":{"Dur\u00e9e de lecture estim\u00e9e":"2 minutes"},"schema":{"@context":"https:\/\/schema.org","@graph":[{"@type":"WebPage","@id":"https:\/\/www.bullray.eu\/sistemas-de-controlo-de-fronteiras-3\/","url":"https:\/\/www.bullray.eu\/sistemas-de-controlo-de-fronteiras-3\/","name":"Sistemas de Controlo de Fluxos de Passageiros - Bullray - CIT","isPartOf":{"@id":"https:\/\/www.bullray.eu\/#website"},"primaryImageOfPage":{"@id":"https:\/\/www.bullray.eu\/sistemas-de-controlo-de-fronteiras-3\/#primaryimage"},"image":{"@id":"https:\/\/www.bullray.eu\/sistemas-de-controlo-de-fronteiras-3\/#primaryimage"},"thumbnailUrl":"https:\/\/www.bullray.eu\/wp-content\/uploads\/2022\/09\/cisp-1.png","datePublished":"2022-09-20T07:36:21+00:00","dateModified":"2022-09-20T08:36:44+00:00","description":"Sistemas de Controlo de Fluxos de Passageiros - Disponibilizamos uma abordagem integrada \u00e0 protec\u00e7\u00e3o de fronteiras assegurando a seguran\u00e7a das fronteiras.","breadcrumb":{"@id":"https:\/\/www.bullray.eu\/sistemas-de-controlo-de-fronteiras-3\/#breadcrumb"},"inLanguage":"fr-FR","potentialAction":[{"@type":"ReadAction","target":["https:\/\/www.bullray.eu\/sistemas-de-controlo-de-fronteiras-3\/"]}]},{"@type":"ImageObject","inLanguage":"fr-FR","@id":"https:\/\/www.bullray.eu\/sistemas-de-controlo-de-fronteiras-3\/#primaryimage","url":"https:\/\/www.bullray.eu\/wp-content\/uploads\/2022\/09\/cisp-1.png","contentUrl":"https:\/\/www.bullray.eu\/wp-content\/uploads\/2022\/09\/cisp-1.png"},{"@type":"BreadcrumbList","@id":"https:\/\/www.bullray.eu\/sistemas-de-controlo-de-fronteiras-3\/#breadcrumb","itemListElement":[{"@type":"ListItem","position":1,"name":"In\u00edcio","item":"https:\/\/www.bullray.eu\/"},{"@type":"ListItem","position":2,"name":"Centro Integrado de Seguran\u00e7a P\u00fablica &#8211; CISP"}]},{"@type":"WebSite","@id":"https:\/\/www.bullray.eu\/#website","url":"https:\/\/www.bullray.eu\/","name":"Bullray - CIT","description":"Critical Integration Technology","publisher":{"@id":"https:\/\/www.bullray.eu\/#organization"},"potentialAction":[{"@type":"SearchAction","target":{"@type":"EntryPoint","urlTemplate":"https:\/\/www.bullray.eu\/?s={search_term_string}"},"query-input":{"@type":"PropertyValueSpecification","valueRequired":true,"valueName":"search_term_string"}}],"inLanguage":"fr-FR"},{"@type":"Organization","@id":"https:\/\/www.bullray.eu\/#organization","name":"Bullray CIT","url":"https:\/\/www.bullray.eu\/","logo":{"@type":"ImageObject","inLanguage":"fr-FR","@id":"https:\/\/www.bullray.eu\/#\/schema\/logo\/image\/","url":"https:\/\/www.bullray.eu\/wp-content\/uploads\/2020\/04\/Logo_Bullray.png","contentUrl":"https:\/\/www.bullray.eu\/wp-content\/uploads\/2020\/04\/Logo_Bullray.png","width":200,"height":200,"caption":"Bullray CIT"},"image":{"@id":"https:\/\/www.bullray.eu\/#\/schema\/logo\/image\/"},"sameAs":["https:\/\/www.facebook.com\/bullraycitoficial\/","https:\/\/www.linkedin.com\/company\/bullraycit"]}]}},"_links":{"self":[{"href":"https:\/\/www.bullray.eu\/fr\/wp-json\/wp\/v2\/pages\/6220","targetHints":{"allow":["GET"]}}],"collection":[{"href":"https:\/\/www.bullray.eu\/fr\/wp-json\/wp\/v2\/pages"}],"about":[{"href":"https:\/\/www.bullray.eu\/fr\/wp-json\/wp\/v2\/types\/page"}],"author":[{"embeddable":true,"href":"https:\/\/www.bullray.eu\/fr\/wp-json\/wp\/v2\/users\/5"}],"replies":[{"embeddable":true,"href":"https:\/\/www.bullray.eu\/fr\/wp-json\/wp\/v2\/comments?post=6220"}],"version-history":[{"count":10,"href":"https:\/\/www.bullray.eu\/fr\/wp-json\/wp\/v2\/pages\/6220\/revisions"}],"predecessor-version":[{"id":6258,"href":"https:\/\/www.bullray.eu\/fr\/wp-json\/wp\/v2\/pages\/6220\/revisions\/6258"}],"wp:attachment":[{"href":"https:\/\/www.bullray.eu\/fr\/wp-json\/wp\/v2\/media?parent=6220"}],"curies":[{"name":"wp","href":"https:\/\/api.w.org\/{rel}","templated":true}]}}