{"id":6208,"date":"2022-09-20T07:23:19","date_gmt":"2022-09-20T07:23:19","guid":{"rendered":"https:\/\/www.bullray.eu\/?page_id=6208"},"modified":"2022-09-20T07:28:19","modified_gmt":"2022-09-20T07:28:19","slug":"sistemas-de-controlo-de-fronteiras-2","status":"publish","type":"page","link":"https:\/\/www.bullray.eu\/fr\/sistemas-de-controlo-de-fronteiras-2\/","title":{"rendered":"Servi\u00e7o de Investiga\u00e7\u00e3o Criminal &#8211; SIC"},"content":{"rendered":"<div data-elementor-type=\"wp-page\" data-elementor-id=\"6208\" class=\"elementor elementor-6208\">\n\t\t\t\t\t\t<section class=\"elementor-section elementor-top-section elementor-element elementor-element-7c25060 elementor-section-stretched elementor-section-full_width elementor-section-height-full elementor-section-height-default elementor-section-items-middle\" data-id=\"7c25060\" data-element_type=\"section\" data-e-type=\"section\" data-settings=\"{&quot;stretch_section&quot;:&quot;section-stretched&quot;}\">\n\t\t\t\t\t\t<div class=\"elementor-container elementor-column-gap-no\">\n\t\t\t\t\t<div class=\"elementor-column elementor-col-100 elementor-top-column elementor-element elementor-element-5bbd0d2\" data-id=\"5bbd0d2\" data-element_type=\"column\" data-e-type=\"column\">\n\t\t\t<div class=\"elementor-widget-wrap elementor-element-populated\">\n\t\t\t\t\t\t<div class=\"elementor-element elementor-element-1013fc6 elementor-widget elementor-widget-saasland_hero\" data-id=\"1013fc6\" data-element_type=\"widget\" data-e-type=\"widget\" data-widget_type=\"saasland_hero.default\">\n\t\t\t\t<div class=\"elementor-widget-container\">\n\t\t\t\t\t<section class=\"payment_banner_area\">\r\n    <div class=\"shape one\"><\/div>\r\n    <div class=\"shape two\"><\/div>\r\n    <div class=\"container\">\r\n        <div class=\"payment_banner_content wow fadeInLeft\" data-wow-delay=\"0.4s\">\r\n                        <h2 class=\"f_p f_700 f_size_50 w_color\">\r\n            Service d'enqu\u00eate criminelle - SIC        <\/h2>\r\n        \r\n                    <p class=\"w_color f_p f_size_18\">\r\n                Portail Sic - Service d'enqu\u00eate criminelle de l'Angola. Faites votre r\u00e9clamation \u00e9lectronique \/ r\u00e9clamation anonyme totalement gratuite.            <\/p>\r\n                <div class=\"action_btn d-flex align-items-center mt_60\">\r\n                    <\/div>\r\n    <\/div>\r\n    <\/div>\r\n    <div class=\"animation_img_two wow fadeInRight\" data-wow-delay=\"0.5s\">\r\n        <img fetchpriority=\"high\" decoding=\"async\" width=\"2921\" height=\"1742\" src=\"https:\/\/www.bullray.eu\/wp-content\/uploads\/2022\/09\/205.png\" class=\"attachment-full size-full\" alt=\"\" srcset=\"https:\/\/www.bullray.eu\/wp-content\/uploads\/2022\/09\/205.png 2921w, https:\/\/www.bullray.eu\/wp-content\/uploads\/2022\/09\/205-300x179.png 300w, https:\/\/www.bullray.eu\/wp-content\/uploads\/2022\/09\/205-1024x611.png 1024w, https:\/\/www.bullray.eu\/wp-content\/uploads\/2022\/09\/205-768x458.png 768w, https:\/\/www.bullray.eu\/wp-content\/uploads\/2022\/09\/205-1536x916.png 1536w, https:\/\/www.bullray.eu\/wp-content\/uploads\/2022\/09\/205-2048x1221.png 2048w, https:\/\/www.bullray.eu\/wp-content\/uploads\/2022\/09\/205-18x12.png 18w, https:\/\/www.bullray.eu\/wp-content\/uploads\/2022\/09\/205-570x340.png 570w\" sizes=\"(max-width: 2921px) 100vw, 2921px\" \/>    <\/div>\r\n            <img decoding=\"async\" class=\"svg_intro_bottom\" src=\"https:\/\/www.bullray.eu\/wp-content\/plugins\/saasland-core\/widgets\/images\/shape_home9.png\" alt=\"Servi\u00e7o de Investiga\u00e7\u00e3o Criminal - SIC\">\r\n    <\/section>\t\t\t\t<\/div>\n\t\t\t\t<\/div>\n\t\t\t\t\t<\/div>\n\t\t<\/div>\n\t\t\t\t\t<\/div>\n\t\t<\/section>\n\t\t\t\t<section class=\"elementor-section elementor-top-section elementor-element elementor-element-69316d8 elementor-section-boxed elementor-section-height-default elementor-section-height-default\" data-id=\"69316d8\" data-element_type=\"section\" data-e-type=\"section\">\n\t\t\t\t\t\t<div class=\"elementor-container elementor-column-gap-default\">\n\t\t\t\t\t<div class=\"elementor-column elementor-col-100 elementor-top-column elementor-element elementor-element-189aea7\" data-id=\"189aea7\" data-element_type=\"column\" data-e-type=\"column\">\n\t\t\t<div class=\"elementor-widget-wrap elementor-element-populated\">\n\t\t\t\t\t\t<div class=\"elementor-element elementor-element-87dc15e elementor-widget elementor-widget-saasland_appart_features\" data-id=\"87dc15e\" data-element_type=\"widget\" data-e-type=\"widget\" data-widget_type=\"saasland_appart_features.default\">\n\t\t\t\t<div class=\"elementor-widget-container\">\n\t\t\t\t\t        <section class=\"features-area-five features-area-six\">\r\n                        <div class=\"container\">\r\n                <div class=\"title-four text-center\">\r\n                     <h2> Avantages du syst\u00e8me <\/h2>                                     <\/div>\r\n                <div class=\"row\">\r\n                                                <div class=\"col-md-4 col-sm-6 feature-five-item\">\r\n                                                                        <div class=\"round\">\r\n                                            <i class=\"fa fa-shield\" style=\"color: #6EC1E4;\"><\/i>\r\n                                        <\/div>\r\n                                                                        <h2> AUGMENTER LA S\u00c9CURIT\u00c9 NATIONALE <\/h2>\r\n                                    <p>Gr\u00e2ce \u00e0 un m\u00e9canisme en ligne, les citoyens peuvent effectuer divers services en ligne tels que : Plaintes, D\u00e9nonciations, Plaintes, Identification de cadavres, entre autres.<\/p>                                                                <\/div>\r\n                                                        <div class=\"col-md-4 col-sm-6 feature-five-item\">\r\n                                                                        <div class=\"round\">\r\n                                            <i class=\"ti-map-alt\" style=\"color: #6EC1E4;\"><\/i>\r\n                                        <\/div>\r\n                                                                        <h2> APP DIGITAL <\/h2>\r\n                                    <p>APP num\u00e9rique pour accompagner les citoyens avec diverses fonctionnalit\u00e9s.<\/p>                                                                <\/div>\r\n                                                        <div class=\"col-md-4 col-sm-6 feature-five-item\">\r\n                                                                        <div class=\"round\">\r\n                                            <i class=\"fa fa-user-secret\" style=\"color: #6EC1E4;\"><\/i>\r\n                                        <\/div>\r\n                                                                        <h2> DEN\u00daNCIAS \/ QUEIXAS ELECTR\u00d3NICAS <\/h2>\r\n                                    <p>Il permet aux citoyens de d\u00e9poser une plainte anonyme en ligne ou contre tout acte dont ils se sentent menac\u00e9s. Les informations sont tri\u00e9es par \u00e9l\u00e9ments du SIC.<\/p>                                                                <\/div>\r\n                                            <\/div>\r\n            <\/div>\r\n        <\/section>\r\n        \t\t\t\t<\/div>\n\t\t\t\t<\/div>\n\t\t\t\t\t<\/div>\n\t\t<\/div>\n\t\t\t\t\t<\/div>\n\t\t<\/section>\n\t\t\t\t<section class=\"elementor-section elementor-top-section elementor-element elementor-element-4592907 elementor-section-full_width elementor-section-height-default elementor-section-height-default\" data-id=\"4592907\" data-element_type=\"section\" data-e-type=\"section\">\n\t\t\t\t\t\t<div class=\"elementor-container elementor-column-gap-no\">\n\t\t\t\t\t<div class=\"elementor-column elementor-col-100 elementor-top-column elementor-element elementor-element-65bf125\" data-id=\"65bf125\" data-element_type=\"column\" data-e-type=\"column\">\n\t\t\t<div class=\"elementor-widget-wrap elementor-element-populated\">\n\t\t\t\t\t\t<div class=\"elementor-element elementor-element-2d5a301 elementor-widget elementor-widget-saasland_services_shapes\" data-id=\"2d5a301\" data-element_type=\"widget\" data-e-type=\"widget\" data-widget_type=\"saasland_services_shapes.default\">\n\t\t\t\t<div class=\"elementor-widget-container\">\n\t\t\t\t\t       <!--============ Car Testimonial Area ==============-->\r\n        <section class=\"service_promo_area\">\r\n        <div class=\"shape_top\">\r\n            \r\n            \r\n            \r\n                     <\/div>\r\n         <div class=\"s_service_section\">\r\n             <div class=\"container custom_container\">\r\n                     <h2 class=\"f_p f_size_30 l_height50 f_600 t_color text-center\">\r\n                         Autres avantages                     <\/h2>\r\n\r\n                                  <div class=\"row s_service_info mt_70\">\r\n                                      <div class=\"col-lg-6 col-sm-6\">\r\n                     <div class=\"s_service_item elementor-repeater-item-c2972c9\">\r\n                         <div class=\"icon icon_1\">\r\n                             <i class=\"ti-check-box\"><\/i>\r\n                         <\/div>\r\n                         <h5 class=\"f_p f_size_20 f_600 t_color color_box\"> Objets r\u00e9cup\u00e9r\u00e9s <\/h5>\r\n                         <p class=\"l_height28\">  <\/p>\r\n                                              <\/div>\r\n                     <\/div>\r\n                                      <div class=\"col-lg-6 col-sm-6\">\r\n                     <div class=\"s_service_item elementor-repeater-item-d95edd1\">\r\n                         <div class=\"icon icon_1\">\r\n                             <i class=\"ti-check-box\"><\/i>\r\n                         <\/div>\r\n                         <h5 class=\"f_p f_size_20 f_600 t_color color_box\"> Recherch\u00e9 <\/h5>\r\n                         <p class=\"l_height28\">  <\/p>\r\n                                              <\/div>\r\n                     <\/div>\r\n                                      <div class=\"col-lg-6 col-sm-6\">\r\n                     <div class=\"s_service_item elementor-repeater-item-d6d59b3\">\r\n                         <div class=\"icon icon_1\">\r\n                             <i class=\"ti-check-box\"><\/i>\r\n                         <\/div>\r\n                         <h5 class=\"f_p f_size_20 f_600 t_color color_box\"> Derniers \u00e9v\u00e9nements <\/h5>\r\n                         <p class=\"l_height28\">  <\/p>\r\n                                              <\/div>\r\n                     <\/div>\r\n                                      <div class=\"col-lg-6 col-sm-6\">\r\n                     <div class=\"s_service_item elementor-repeater-item-4322e5f\">\r\n                         <div class=\"icon icon_1\">\r\n                             <i class=\"ti-check-box\"><\/i>\r\n                         <\/div>\r\n                         <h5 class=\"f_p f_size_20 f_600 t_color color_box\"> V\u00e9hicules remis \u00e0 neuf <\/h5>\r\n                         <p class=\"l_height28\">  <\/p>\r\n                                              <\/div>\r\n                     <\/div>\r\n                                      <div class=\"col-lg-6 col-sm-6\">\r\n                     <div class=\"s_service_item elementor-repeater-item-1b24826\">\r\n                         <div class=\"icon icon_1\">\r\n                             <i class=\"ti-check-box\"><\/i>\r\n                         <\/div>\r\n                         <h5 class=\"f_p f_size_20 f_600 t_color color_box\"> Signaler un vol de v\u00e9hicule <\/h5>\r\n                         <p class=\"l_height28\">  <\/p>\r\n                                              <\/div>\r\n                     <\/div>\r\n                                                   <\/div>\r\n             <\/div>\r\n         <\/div>\r\n                 <\/section>\r\n       \t\t\t\t<\/div>\n\t\t\t\t<\/div>\n\t\t\t\t\t<\/div>\n\t\t<\/div>\n\t\t\t\t\t<\/div>\n\t\t<\/section>\n\t\t\t\t<section class=\"elementor-section elementor-top-section elementor-element elementor-element-31f12828 elementor-section-stretched elementor-section-boxed elementor-section-height-default elementor-section-height-default\" data-id=\"31f12828\" data-element_type=\"section\" data-e-type=\"section\" data-settings=\"{&quot;stretch_section&quot;:&quot;section-stretched&quot;}\">\n\t\t\t\t\t\t\t<div class=\"elementor-background-overlay\"><\/div>\n\t\t\t\t\t\t\t<div class=\"elementor-container elementor-column-gap-default\">\n\t\t\t\t\t<div class=\"elementor-column elementor-col-100 elementor-top-column elementor-element elementor-element-30db4c4b\" data-id=\"30db4c4b\" data-element_type=\"column\" data-e-type=\"column\">\n\t\t\t<div class=\"elementor-widget-wrap elementor-element-populated\">\n\t\t\t\t\t\t<div class=\"elementor-element elementor-element-342f33e9 elementor-widget elementor-widget-saasland_appart_c2a\" data-id=\"342f33e9\" data-element_type=\"widget\" data-e-type=\"widget\" data-widget_type=\"saasland_appart_c2a.default\">\n\t\t\t\t<div class=\"elementor-widget-container\">\n\t\t\t\t\t            <section class=\"overview-area\">\r\n                <div class=\"container-fluid\">\r\n                    <div class=\"row\">\r\n                        <div class=\"col-md-6 col-12 overview-details-left\">\r\n                                                            <img decoding=\"async\" src=\"https:\/\/www.bullray.eu\/wp-content\/uploads\/2020\/02\/customer_service.svg\"\r\n                                     class=\"img-responsive\" alt=\"Deseja saber mais?\">\r\n                                                    <\/div>\r\n                        <div class=\"col-md-6 col-12 overview-details-right\">\r\n                            <div class=\"overview-details\">\r\n                                <div class=\"title-four\">\r\n                                                                            <h2> Voulez-vous en savoir plus? <\/h2>\r\n                                                                    <\/div>\r\n                                <p>Nous sommes pr\u00eats \u00e0 vous aider avec tout ce dont vous avez besoin, pour toute question, veuillez nous contacter.<\/p>\n                                                                    <a href=\"https:\/\/www.bullray.eu\/fr\/contacte-nos\/\"                                        class=\"btn learn-btn-two\">\r\n                                        Contactes\r\n                                    <\/a>\r\n                                                            <\/div>\r\n                        <\/div>\r\n                    <\/div>\r\n                <\/div>\r\n            <\/section>\r\n            \t\t\t\t<\/div>\n\t\t\t\t<\/div>\n\t\t\t\t\t<\/div>\n\t\t<\/div>\n\t\t\t\t\t<\/div>\n\t\t<\/section>\n\t\t\t\t<\/div>","protected":false},"excerpt":{"rendered":"<p>Servi\u00e7o de Investiga\u00e7\u00e3o Criminal &#8211; SIC Portal do Sic &#8211; Servi\u00e7o de Investiga\u00e7\u00e3o Criminal Angola. Fa\u00e7a a sua queixa electr\u00f3nica \/ den\u00fancia an\u00f3nima totalmente gr\u00e1tis. Vantagens do sistema AUMENTAR A SEGURAN\u00c7A NACIONAL Atrav\u00e9s de um mecanismo online, o cidad\u00e3o pode efectuar diversos servi\u00e7os online tais como: Queixas, Den\u00fancias, Reclama\u00e7\u00f5es, Identifica\u00e7\u00e3o de Cad\u00e1veres entre outras APP [&hellip;]<\/p>\n","protected":false},"author":5,"featured_media":0,"parent":0,"menu_order":0,"comment_status":"closed","ping_status":"closed","template":"elementor_header_footer","meta":{"_monsterinsights_skip_tracking":false,"_monsterinsights_sitenote_active":false,"_monsterinsights_sitenote_note":"","_monsterinsights_sitenote_category":0,"footnotes":""},"class_list":["post-6208","page","type-page","status-publish","hentry","no-post-thumbnail"],"acf":[],"yoast_head":"<!-- This site is optimized with the Yoast SEO plugin v26.5 - https:\/\/yoast.com\/wordpress\/plugins\/seo\/ -->\n<title>Servi\u00e7o de Investiga\u00e7\u00e3o Criminal - SIC - Bullray - CIT<\/title>\n<meta name=\"robots\" content=\"index, follow, max-snippet:-1, max-image-preview:large, max-video-preview:-1\" \/>\n<link rel=\"canonical\" href=\"https:\/\/www.bullray.eu\/fr\/sistemas-de-controlo-de-fronteiras-2\/\" \/>\n<meta property=\"og:locale\" content=\"fr_FR\" \/>\n<meta property=\"og:type\" content=\"article\" \/>\n<meta property=\"og:title\" content=\"Servi\u00e7o de Investiga\u00e7\u00e3o Criminal - SIC - Bullray - CIT\" \/>\n<meta property=\"og:description\" content=\"Servi\u00e7o de Investiga\u00e7\u00e3o Criminal &#8211; SIC Portal do Sic &#8211; Servi\u00e7o de Investiga\u00e7\u00e3o Criminal Angola. Fa\u00e7a a sua queixa electr\u00f3nica \/ den\u00fancia an\u00f3nima totalmente gr\u00e1tis. Vantagens do sistema AUMENTAR A SEGURAN\u00c7A NACIONAL Atrav\u00e9s de um mecanismo online, o cidad\u00e3o pode efectuar diversos servi\u00e7os online tais como: Queixas, Den\u00fancias, Reclama\u00e7\u00f5es, Identifica\u00e7\u00e3o de Cad\u00e1veres entre outras APP [&hellip;]\" \/>\n<meta property=\"og:url\" content=\"https:\/\/www.bullray.eu\/fr\/sistemas-de-controlo-de-fronteiras-2\/\" \/>\n<meta property=\"og:site_name\" content=\"Bullray - CIT\" \/>\n<meta property=\"article:publisher\" content=\"https:\/\/www.facebook.com\/bullraycitoficial\/\" \/>\n<meta property=\"article:modified_time\" content=\"2022-09-20T07:28:19+00:00\" \/>\n<meta property=\"og:image\" content=\"https:\/\/www.bullray.eu\/wp-content\/uploads\/2022\/09\/205.png\" \/>\n<meta name=\"twitter:card\" content=\"summary_large_image\" \/>\n<meta name=\"twitter:label1\" content=\"Dur\u00e9e de lecture estim\u00e9e\" \/>\n\t<meta name=\"twitter:data1\" content=\"2 minutes\" \/>\n<script type=\"application\/ld+json\" class=\"yoast-schema-graph\">{\"@context\":\"https:\/\/schema.org\",\"@graph\":[{\"@type\":\"WebPage\",\"@id\":\"https:\/\/www.bullray.eu\/sistemas-de-controlo-de-fronteiras-2\/\",\"url\":\"https:\/\/www.bullray.eu\/sistemas-de-controlo-de-fronteiras-2\/\",\"name\":\"Servi\u00e7o de Investiga\u00e7\u00e3o Criminal - SIC - Bullray - CIT\",\"isPartOf\":{\"@id\":\"https:\/\/www.bullray.eu\/#website\"},\"primaryImageOfPage\":{\"@id\":\"https:\/\/www.bullray.eu\/sistemas-de-controlo-de-fronteiras-2\/#primaryimage\"},\"image\":{\"@id\":\"https:\/\/www.bullray.eu\/sistemas-de-controlo-de-fronteiras-2\/#primaryimage\"},\"thumbnailUrl\":\"https:\/\/www.bullray.eu\/wp-content\/uploads\/2022\/09\/205.png\",\"datePublished\":\"2022-09-20T07:23:19+00:00\",\"dateModified\":\"2022-09-20T07:28:19+00:00\",\"breadcrumb\":{\"@id\":\"https:\/\/www.bullray.eu\/sistemas-de-controlo-de-fronteiras-2\/#breadcrumb\"},\"inLanguage\":\"fr-FR\",\"potentialAction\":[{\"@type\":\"ReadAction\",\"target\":[\"https:\/\/www.bullray.eu\/sistemas-de-controlo-de-fronteiras-2\/\"]}]},{\"@type\":\"ImageObject\",\"inLanguage\":\"fr-FR\",\"@id\":\"https:\/\/www.bullray.eu\/sistemas-de-controlo-de-fronteiras-2\/#primaryimage\",\"url\":\"https:\/\/www.bullray.eu\/wp-content\/uploads\/2022\/09\/205.png\",\"contentUrl\":\"https:\/\/www.bullray.eu\/wp-content\/uploads\/2022\/09\/205.png\"},{\"@type\":\"BreadcrumbList\",\"@id\":\"https:\/\/www.bullray.eu\/sistemas-de-controlo-de-fronteiras-2\/#breadcrumb\",\"itemListElement\":[{\"@type\":\"ListItem\",\"position\":1,\"name\":\"In\u00edcio\",\"item\":\"https:\/\/www.bullray.eu\/\"},{\"@type\":\"ListItem\",\"position\":2,\"name\":\"Servi\u00e7o de Investiga\u00e7\u00e3o Criminal &#8211; SIC\"}]},{\"@type\":\"WebSite\",\"@id\":\"https:\/\/www.bullray.eu\/#website\",\"url\":\"https:\/\/www.bullray.eu\/\",\"name\":\"Bullray - CIT\",\"description\":\"Critical Integration Technology\",\"publisher\":{\"@id\":\"https:\/\/www.bullray.eu\/#organization\"},\"potentialAction\":[{\"@type\":\"SearchAction\",\"target\":{\"@type\":\"EntryPoint\",\"urlTemplate\":\"https:\/\/www.bullray.eu\/?s={search_term_string}\"},\"query-input\":{\"@type\":\"PropertyValueSpecification\",\"valueRequired\":true,\"valueName\":\"search_term_string\"}}],\"inLanguage\":\"fr-FR\"},{\"@type\":\"Organization\",\"@id\":\"https:\/\/www.bullray.eu\/#organization\",\"name\":\"Bullray CIT\",\"url\":\"https:\/\/www.bullray.eu\/\",\"logo\":{\"@type\":\"ImageObject\",\"inLanguage\":\"fr-FR\",\"@id\":\"https:\/\/www.bullray.eu\/#\/schema\/logo\/image\/\",\"url\":\"https:\/\/www.bullray.eu\/wp-content\/uploads\/2020\/04\/Logo_Bullray.png\",\"contentUrl\":\"https:\/\/www.bullray.eu\/wp-content\/uploads\/2020\/04\/Logo_Bullray.png\",\"width\":200,\"height\":200,\"caption\":\"Bullray CIT\"},\"image\":{\"@id\":\"https:\/\/www.bullray.eu\/#\/schema\/logo\/image\/\"},\"sameAs\":[\"https:\/\/www.facebook.com\/bullraycitoficial\/\",\"https:\/\/www.linkedin.com\/company\/bullraycit\"]}]}<\/script>\n<!-- \/ Yoast SEO plugin. -->","yoast_head_json":{"title":"Servi\u00e7o de Investiga\u00e7\u00e3o Criminal - SIC - Bullray - CIT","robots":{"index":"index","follow":"follow","max-snippet":"max-snippet:-1","max-image-preview":"max-image-preview:large","max-video-preview":"max-video-preview:-1"},"canonical":"https:\/\/www.bullray.eu\/fr\/sistemas-de-controlo-de-fronteiras-2\/","og_locale":"fr_FR","og_type":"article","og_title":"Servi\u00e7o de Investiga\u00e7\u00e3o Criminal - SIC - Bullray - CIT","og_description":"Servi\u00e7o de Investiga\u00e7\u00e3o Criminal &#8211; SIC Portal do Sic &#8211; Servi\u00e7o de Investiga\u00e7\u00e3o Criminal Angola. Fa\u00e7a a sua queixa electr\u00f3nica \/ den\u00fancia an\u00f3nima totalmente gr\u00e1tis. Vantagens do sistema AUMENTAR A SEGURAN\u00c7A NACIONAL Atrav\u00e9s de um mecanismo online, o cidad\u00e3o pode efectuar diversos servi\u00e7os online tais como: Queixas, Den\u00fancias, Reclama\u00e7\u00f5es, Identifica\u00e7\u00e3o de Cad\u00e1veres entre outras APP [&hellip;]","og_url":"https:\/\/www.bullray.eu\/fr\/sistemas-de-controlo-de-fronteiras-2\/","og_site_name":"Bullray - CIT","article_publisher":"https:\/\/www.facebook.com\/bullraycitoficial\/","article_modified_time":"2022-09-20T07:28:19+00:00","og_image":[{"url":"https:\/\/www.bullray.eu\/wp-content\/uploads\/2022\/09\/205.png","type":"","width":"","height":""}],"twitter_card":"summary_large_image","twitter_misc":{"Dur\u00e9e de lecture estim\u00e9e":"2 minutes"},"schema":{"@context":"https:\/\/schema.org","@graph":[{"@type":"WebPage","@id":"https:\/\/www.bullray.eu\/sistemas-de-controlo-de-fronteiras-2\/","url":"https:\/\/www.bullray.eu\/sistemas-de-controlo-de-fronteiras-2\/","name":"Servi\u00e7o de Investiga\u00e7\u00e3o Criminal - SIC - Bullray - CIT","isPartOf":{"@id":"https:\/\/www.bullray.eu\/#website"},"primaryImageOfPage":{"@id":"https:\/\/www.bullray.eu\/sistemas-de-controlo-de-fronteiras-2\/#primaryimage"},"image":{"@id":"https:\/\/www.bullray.eu\/sistemas-de-controlo-de-fronteiras-2\/#primaryimage"},"thumbnailUrl":"https:\/\/www.bullray.eu\/wp-content\/uploads\/2022\/09\/205.png","datePublished":"2022-09-20T07:23:19+00:00","dateModified":"2022-09-20T07:28:19+00:00","breadcrumb":{"@id":"https:\/\/www.bullray.eu\/sistemas-de-controlo-de-fronteiras-2\/#breadcrumb"},"inLanguage":"fr-FR","potentialAction":[{"@type":"ReadAction","target":["https:\/\/www.bullray.eu\/sistemas-de-controlo-de-fronteiras-2\/"]}]},{"@type":"ImageObject","inLanguage":"fr-FR","@id":"https:\/\/www.bullray.eu\/sistemas-de-controlo-de-fronteiras-2\/#primaryimage","url":"https:\/\/www.bullray.eu\/wp-content\/uploads\/2022\/09\/205.png","contentUrl":"https:\/\/www.bullray.eu\/wp-content\/uploads\/2022\/09\/205.png"},{"@type":"BreadcrumbList","@id":"https:\/\/www.bullray.eu\/sistemas-de-controlo-de-fronteiras-2\/#breadcrumb","itemListElement":[{"@type":"ListItem","position":1,"name":"In\u00edcio","item":"https:\/\/www.bullray.eu\/"},{"@type":"ListItem","position":2,"name":"Servi\u00e7o de Investiga\u00e7\u00e3o Criminal &#8211; SIC"}]},{"@type":"WebSite","@id":"https:\/\/www.bullray.eu\/#website","url":"https:\/\/www.bullray.eu\/","name":"Bullray - CIT","description":"Critical Integration Technology","publisher":{"@id":"https:\/\/www.bullray.eu\/#organization"},"potentialAction":[{"@type":"SearchAction","target":{"@type":"EntryPoint","urlTemplate":"https:\/\/www.bullray.eu\/?s={search_term_string}"},"query-input":{"@type":"PropertyValueSpecification","valueRequired":true,"valueName":"search_term_string"}}],"inLanguage":"fr-FR"},{"@type":"Organization","@id":"https:\/\/www.bullray.eu\/#organization","name":"Bullray CIT","url":"https:\/\/www.bullray.eu\/","logo":{"@type":"ImageObject","inLanguage":"fr-FR","@id":"https:\/\/www.bullray.eu\/#\/schema\/logo\/image\/","url":"https:\/\/www.bullray.eu\/wp-content\/uploads\/2020\/04\/Logo_Bullray.png","contentUrl":"https:\/\/www.bullray.eu\/wp-content\/uploads\/2020\/04\/Logo_Bullray.png","width":200,"height":200,"caption":"Bullray CIT"},"image":{"@id":"https:\/\/www.bullray.eu\/#\/schema\/logo\/image\/"},"sameAs":["https:\/\/www.facebook.com\/bullraycitoficial\/","https:\/\/www.linkedin.com\/company\/bullraycit"]}]}},"_links":{"self":[{"href":"https:\/\/www.bullray.eu\/fr\/wp-json\/wp\/v2\/pages\/6208","targetHints":{"allow":["GET"]}}],"collection":[{"href":"https:\/\/www.bullray.eu\/fr\/wp-json\/wp\/v2\/pages"}],"about":[{"href":"https:\/\/www.bullray.eu\/fr\/wp-json\/wp\/v2\/types\/page"}],"author":[{"embeddable":true,"href":"https:\/\/www.bullray.eu\/fr\/wp-json\/wp\/v2\/users\/5"}],"replies":[{"embeddable":true,"href":"https:\/\/www.bullray.eu\/fr\/wp-json\/wp\/v2\/comments?post=6208"}],"version-history":[{"count":7,"href":"https:\/\/www.bullray.eu\/fr\/wp-json\/wp\/v2\/pages\/6208\/revisions"}],"predecessor-version":[{"id":6216,"href":"https:\/\/www.bullray.eu\/fr\/wp-json\/wp\/v2\/pages\/6208\/revisions\/6216"}],"wp:attachment":[{"href":"https:\/\/www.bullray.eu\/fr\/wp-json\/wp\/v2\/media?parent=6208"}],"curies":[{"name":"wp","href":"https:\/\/api.w.org\/{rel}","templated":true}]}}