{"id":5324,"date":"2020-02-14T11:16:46","date_gmt":"2020-02-14T11:16:46","guid":{"rendered":"https:\/\/www.bullray.eu\/?page_id=5324"},"modified":"2020-03-20T13:04:12","modified_gmt":"2020-03-20T13:04:12","slug":"termosecondicoes","status":"publish","type":"page","link":"https:\/\/www.bullray.eu\/fr\/termosecondicoes\/","title":{"rendered":"Termes &amp; Conditions"},"content":{"rendered":"<div data-elementor-type=\"wp-page\" data-elementor-id=\"5324\" class=\"elementor elementor-5324\">\n\t\t\t\t\t\t<section class=\"elementor-section elementor-top-section elementor-element elementor-element-4455f00 elementor-section-boxed elementor-section-height-default elementor-section-height-default\" data-id=\"4455f00\" data-element_type=\"section\">\n\t\t\t\t\t\t<div class=\"elementor-container elementor-column-gap-default\">\n\t\t\t\t\t<div class=\"elementor-column elementor-col-100 elementor-top-column elementor-element elementor-element-358d617\" data-id=\"358d617\" data-element_type=\"column\">\n\t\t\t<div class=\"elementor-widget-wrap elementor-element-populated\">\n\t\t\t\t\t\t<div class=\"elementor-element elementor-element-c01cb56 elementor-widget elementor-widget-text-editor\" data-id=\"c01cb56\" data-element_type=\"widget\" data-widget_type=\"text-editor.default\">\n\t\t\t\t<div class=\"elementor-widget-container\">\n\t\t\t\t\t\t\t\t\t<h5><span style=\"box-sizing: inherit; line-height: inherit;\">Termes et conditions d'utilisation<\/span><\/h5>\n<p>Ces termes et conditions r\u00e9gissent l'utilisation du site et des applications Bullray.eu.<\/p>\n<h5><span style=\"box-sizing: inherit; line-height: inherit;\">Contenu de l'application \/ propri\u00e9t\u00e9 intellectuelle<\/span><\/h5>\n<p>Le contenu est compris comme toutes les informations disponibles pour l'utilisateur mises \u00e0 disposition via l'\u00e9dition num\u00e9rique. Il s\u2019agit notamment de contenus: textes, images, galeries de photos, vid\u00e9os,&nbsp;<i style=\"box-sizing: inherit; line-height: inherit;\">webdesign<\/i>&nbsp;e&nbsp;<i style=\"box-sizing: inherit; line-height: inherit;\">logiciel<\/i>.<\/p>\n<p>Tout le contenu est prot\u00e9g\u00e9 par le droit d'auteur en vertu de la l\u00e9gislation portugaise, de l'Union europ\u00e9enne et des trait\u00e9s internationaux, et ne peut \u00eatre utilis\u00e9 en dehors des conditions de libre utilisation autoris\u00e9es par la loi, sans le consentement expr\u00e8s et \u00e9crit de Bullray CIT.<\/p>\n<h5><span style=\"box-sizing: inherit; line-height: inherit;\">Registre<\/span><\/h5>\n<ul>\n<li>Votre inscription est personnelle et non transf\u00e9rable, et ne peut \u00eatre utilis\u00e9e par personne d'autre pour acc\u00e9der au contenu digitale;<\/li>\n<li>Vous ne ferez rien qui pourrait nuire, \u00e0 savoir l'acc\u00e8s \u00e0 une zone \/ compte non autoris\u00e9 et \u00e0 ses informations;<\/li>\n<li>Contactez nous imm\u00e9diatement si vous remarquez une utilisation non autoris\u00e9e de vos donn\u00e9es de connexion;<\/li>\n<li>Vous ne testerez pa la vuln\u00e9rabilit\u00e9 du syst\u00e8me et ne rompra pas la s\u00e9curit\u00e9 install\u00e9e;<\/li>\n<li>Vous n'enverrez pas d'e-mails non sollicit\u00e9s contenant des promotions ou des publicit\u00e9s pour des produits ou d'autres services.<\/li>\n<\/ul>\n<div>\n<div>\n<div>\n<div>\n<h5><span style=\"letter-spacing: 0px; box-sizing: inherit; line-height: inherit;\">Protection des donn\u00e9es<\/span><\/h5>\n<p>Vous pouvez consulter ici notre&nbsp;<span style=\"font-family: Poppins, sans-serif;\"><span style=\"background-color: #ffffff; font-size: 15px; letter-spacing: 0px;\"><a href=\"https:\/\/www.bullray.eu\/fr\/politica-privacidade\/\">politique de confidentialit\u00e9<\/a>.<\/span><\/span><\/p>\n<h5><span style=\"box-sizing: inherit; line-height: inherit;\">Contacte<\/span><\/h5>\n<p>Pour clarifier toute question relative aux pr\u00e9sentes conditions g\u00e9n\u00e9rales d'utilisation du site Bullray CIT<span style=\"letter-spacing: 0px;\">&nbsp;envoyer un e-mail \u00e0: geral@bullray.eu<\/span><\/p>\n<\/div>\n<\/div>\n<\/div>\n<\/div>\t\t\t\t\t\t\t\t<\/div>\n\t\t\t\t<\/div>\n\t\t\t\t\t<\/div>\n\t\t<\/div>\n\t\t\t\t\t<\/div>\n\t\t<\/section>\n\t\t\t\t<\/div>","protected":false},"excerpt":{"rendered":"<p>Termos e Condi\u00e7\u00f5es de uso Os presentes termos e condi\u00e7\u00f5es regem a utiliza\u00e7\u00e3o do site e aplica\u00e7\u00f5es do Site Bullray.eu Conte\u00fado da Aplica\u00e7\u00e3o\/ Propriedade Intelectual Entende-se por conte\u00fados toda a informa\u00e7\u00e3o dispon\u00edvel para o Utilizador disponibilizada atrav\u00e9s da edi\u00e7\u00e3o, digital. S\u00e3o, designadamente, conte\u00fados: texto, imagens, fotogalerias, v\u00eddeos,&nbsp;webdesign&nbsp;e&nbsp;software. Todos os conte\u00fados s\u00e3o protegidos por Direitos de [&hellip;]<\/p>","protected":false},"author":5,"featured_media":0,"parent":0,"menu_order":0,"comment_status":"closed","ping_status":"closed","template":"","meta":{"_monsterinsights_skip_tracking":false,"_monsterinsights_sitenote_active":false,"_monsterinsights_sitenote_note":"","_monsterinsights_sitenote_category":0,"footnotes":""},"class_list":["post-5324","page","type-page","status-publish","hentry","no-post-thumbnail"],"acf":[],"yoast_head":"<!-- This site is optimized with the Yoast SEO plugin v26.5 - https:\/\/yoast.com\/wordpress\/plugins\/seo\/ -->\n<title>Termos e Condi\u00e7\u00f5es - Bullray - CIT<\/title>\n<meta name=\"robots\" content=\"index, follow, max-snippet:-1, max-image-preview:large, max-video-preview:-1\" \/>\n<link rel=\"canonical\" href=\"https:\/\/www.bullray.eu\/fr\/termosecondicoes\/\" \/>\n<meta property=\"og:locale\" content=\"fr_FR\" \/>\n<meta property=\"og:type\" content=\"article\" \/>\n<meta property=\"og:title\" content=\"Termos e Condi\u00e7\u00f5es - Bullray - CIT\" \/>\n<meta property=\"og:description\" content=\"Termos e Condi\u00e7\u00f5es de uso Os presentes termos e condi\u00e7\u00f5es regem a utiliza\u00e7\u00e3o do site e aplica\u00e7\u00f5es do Site Bullray.eu Conte\u00fado da Aplica\u00e7\u00e3o\/ Propriedade Intelectual Entende-se por conte\u00fados toda a informa\u00e7\u00e3o dispon\u00edvel para o Utilizador disponibilizada atrav\u00e9s da edi\u00e7\u00e3o, digital. S\u00e3o, designadamente, conte\u00fados: texto, imagens, fotogalerias, v\u00eddeos,&nbsp;webdesign&nbsp;e&nbsp;software. Todos os conte\u00fados s\u00e3o protegidos por Direitos de [&hellip;]\" \/>\n<meta property=\"og:url\" content=\"https:\/\/www.bullray.eu\/fr\/termosecondicoes\/\" \/>\n<meta property=\"og:site_name\" content=\"Bullray - CIT\" \/>\n<meta property=\"article:publisher\" content=\"https:\/\/www.facebook.com\/bullraycitoficial\/\" \/>\n<meta property=\"article:modified_time\" content=\"2020-03-20T13:04:12+00:00\" \/>\n<meta property=\"og:image\" content=\"https:\/\/www.bullray.eu\/wp-content\/uploads\/2020\/04\/bullray_logo_blutop.png\" \/>\n\t<meta property=\"og:image:width\" content=\"324\" \/>\n\t<meta property=\"og:image:height\" content=\"108\" \/>\n\t<meta property=\"og:image:type\" content=\"image\/png\" \/>\n<meta name=\"twitter:card\" content=\"summary_large_image\" \/>\n<meta name=\"twitter:label1\" content=\"Dur\u00e9e de lecture estim\u00e9e\" \/>\n\t<meta name=\"twitter:data1\" content=\"1 minute\" \/>\n<script type=\"application\/ld+json\" class=\"yoast-schema-graph\">{\"@context\":\"https:\/\/schema.org\",\"@graph\":[{\"@type\":\"WebPage\",\"@id\":\"https:\/\/www.bullray.eu\/termosecondicoes\/\",\"url\":\"https:\/\/www.bullray.eu\/termosecondicoes\/\",\"name\":\"Termos e Condi\u00e7\u00f5es - Bullray - CIT\",\"isPartOf\":{\"@id\":\"https:\/\/www.bullray.eu\/#website\"},\"datePublished\":\"2020-02-14T11:16:46+00:00\",\"dateModified\":\"2020-03-20T13:04:12+00:00\",\"breadcrumb\":{\"@id\":\"https:\/\/www.bullray.eu\/termosecondicoes\/#breadcrumb\"},\"inLanguage\":\"fr-FR\",\"potentialAction\":[{\"@type\":\"ReadAction\",\"target\":[\"https:\/\/www.bullray.eu\/termosecondicoes\/\"]}]},{\"@type\":\"BreadcrumbList\",\"@id\":\"https:\/\/www.bullray.eu\/termosecondicoes\/#breadcrumb\",\"itemListElement\":[{\"@type\":\"ListItem\",\"position\":1,\"name\":\"In\u00edcio\",\"item\":\"https:\/\/www.bullray.eu\/\"},{\"@type\":\"ListItem\",\"position\":2,\"name\":\"Termos e Condi\u00e7\u00f5es\"}]},{\"@type\":\"WebSite\",\"@id\":\"https:\/\/www.bullray.eu\/#website\",\"url\":\"https:\/\/www.bullray.eu\/\",\"name\":\"Bullray - CIT\",\"description\":\"Critical Integration Technology\",\"publisher\":{\"@id\":\"https:\/\/www.bullray.eu\/#organization\"},\"potentialAction\":[{\"@type\":\"SearchAction\",\"target\":{\"@type\":\"EntryPoint\",\"urlTemplate\":\"https:\/\/www.bullray.eu\/?s={search_term_string}\"},\"query-input\":{\"@type\":\"PropertyValueSpecification\",\"valueRequired\":true,\"valueName\":\"search_term_string\"}}],\"inLanguage\":\"fr-FR\"},{\"@type\":\"Organization\",\"@id\":\"https:\/\/www.bullray.eu\/#organization\",\"name\":\"Bullray CIT\",\"url\":\"https:\/\/www.bullray.eu\/\",\"logo\":{\"@type\":\"ImageObject\",\"inLanguage\":\"fr-FR\",\"@id\":\"https:\/\/www.bullray.eu\/#\/schema\/logo\/image\/\",\"url\":\"https:\/\/www.bullray.eu\/wp-content\/uploads\/2020\/04\/Logo_Bullray.png\",\"contentUrl\":\"https:\/\/www.bullray.eu\/wp-content\/uploads\/2020\/04\/Logo_Bullray.png\",\"width\":200,\"height\":200,\"caption\":\"Bullray CIT\"},\"image\":{\"@id\":\"https:\/\/www.bullray.eu\/#\/schema\/logo\/image\/\"},\"sameAs\":[\"https:\/\/www.facebook.com\/bullraycitoficial\/\",\"https:\/\/www.linkedin.com\/company\/bullraycit\"]}]}<\/script>\n<!-- \/ Yoast SEO plugin. -->","yoast_head_json":{"title":"Termos e Condi\u00e7\u00f5es - Bullray - CIT","robots":{"index":"index","follow":"follow","max-snippet":"max-snippet:-1","max-image-preview":"max-image-preview:large","max-video-preview":"max-video-preview:-1"},"canonical":"https:\/\/www.bullray.eu\/fr\/termosecondicoes\/","og_locale":"fr_FR","og_type":"article","og_title":"Termos e Condi\u00e7\u00f5es - Bullray - CIT","og_description":"Termos e Condi\u00e7\u00f5es de uso Os presentes termos e condi\u00e7\u00f5es regem a utiliza\u00e7\u00e3o do site e aplica\u00e7\u00f5es do Site Bullray.eu Conte\u00fado da Aplica\u00e7\u00e3o\/ Propriedade Intelectual Entende-se por conte\u00fados toda a informa\u00e7\u00e3o dispon\u00edvel para o Utilizador disponibilizada atrav\u00e9s da edi\u00e7\u00e3o, digital. S\u00e3o, designadamente, conte\u00fados: texto, imagens, fotogalerias, v\u00eddeos,&nbsp;webdesign&nbsp;e&nbsp;software. Todos os conte\u00fados s\u00e3o protegidos por Direitos de [&hellip;]","og_url":"https:\/\/www.bullray.eu\/fr\/termosecondicoes\/","og_site_name":"Bullray - CIT","article_publisher":"https:\/\/www.facebook.com\/bullraycitoficial\/","article_modified_time":"2020-03-20T13:04:12+00:00","og_image":[{"width":324,"height":108,"url":"https:\/\/www.bullray.eu\/wp-content\/uploads\/2020\/04\/bullray_logo_blutop.png","type":"image\/png"}],"twitter_card":"summary_large_image","twitter_misc":{"Dur\u00e9e de lecture estim\u00e9e":"1 minute"},"schema":{"@context":"https:\/\/schema.org","@graph":[{"@type":"WebPage","@id":"https:\/\/www.bullray.eu\/termosecondicoes\/","url":"https:\/\/www.bullray.eu\/termosecondicoes\/","name":"Termos e Condi\u00e7\u00f5es - Bullray - CIT","isPartOf":{"@id":"https:\/\/www.bullray.eu\/#website"},"datePublished":"2020-02-14T11:16:46+00:00","dateModified":"2020-03-20T13:04:12+00:00","breadcrumb":{"@id":"https:\/\/www.bullray.eu\/termosecondicoes\/#breadcrumb"},"inLanguage":"fr-FR","potentialAction":[{"@type":"ReadAction","target":["https:\/\/www.bullray.eu\/termosecondicoes\/"]}]},{"@type":"BreadcrumbList","@id":"https:\/\/www.bullray.eu\/termosecondicoes\/#breadcrumb","itemListElement":[{"@type":"ListItem","position":1,"name":"In\u00edcio","item":"https:\/\/www.bullray.eu\/"},{"@type":"ListItem","position":2,"name":"Termos e Condi\u00e7\u00f5es"}]},{"@type":"WebSite","@id":"https:\/\/www.bullray.eu\/#website","url":"https:\/\/www.bullray.eu\/","name":"Bullray - CIT","description":"Critical Integration Technology","publisher":{"@id":"https:\/\/www.bullray.eu\/#organization"},"potentialAction":[{"@type":"SearchAction","target":{"@type":"EntryPoint","urlTemplate":"https:\/\/www.bullray.eu\/?s={search_term_string}"},"query-input":{"@type":"PropertyValueSpecification","valueRequired":true,"valueName":"search_term_string"}}],"inLanguage":"fr-FR"},{"@type":"Organization","@id":"https:\/\/www.bullray.eu\/#organization","name":"Bullray CIT","url":"https:\/\/www.bullray.eu\/","logo":{"@type":"ImageObject","inLanguage":"fr-FR","@id":"https:\/\/www.bullray.eu\/#\/schema\/logo\/image\/","url":"https:\/\/www.bullray.eu\/wp-content\/uploads\/2020\/04\/Logo_Bullray.png","contentUrl":"https:\/\/www.bullray.eu\/wp-content\/uploads\/2020\/04\/Logo_Bullray.png","width":200,"height":200,"caption":"Bullray CIT"},"image":{"@id":"https:\/\/www.bullray.eu\/#\/schema\/logo\/image\/"},"sameAs":["https:\/\/www.facebook.com\/bullraycitoficial\/","https:\/\/www.linkedin.com\/company\/bullraycit"]}]}},"_links":{"self":[{"href":"https:\/\/www.bullray.eu\/fr\/wp-json\/wp\/v2\/pages\/5324","targetHints":{"allow":["GET"]}}],"collection":[{"href":"https:\/\/www.bullray.eu\/fr\/wp-json\/wp\/v2\/pages"}],"about":[{"href":"https:\/\/www.bullray.eu\/fr\/wp-json\/wp\/v2\/types\/page"}],"author":[{"embeddable":true,"href":"https:\/\/www.bullray.eu\/fr\/wp-json\/wp\/v2\/users\/5"}],"replies":[{"embeddable":true,"href":"https:\/\/www.bullray.eu\/fr\/wp-json\/wp\/v2\/comments?post=5324"}],"version-history":[{"count":13,"href":"https:\/\/www.bullray.eu\/fr\/wp-json\/wp\/v2\/pages\/5324\/revisions"}],"predecessor-version":[{"id":5676,"href":"https:\/\/www.bullray.eu\/fr\/wp-json\/wp\/v2\/pages\/5324\/revisions\/5676"}],"wp:attachment":[{"href":"https:\/\/www.bullray.eu\/fr\/wp-json\/wp\/v2\/media?parent=5324"}],"curies":[{"name":"wp","href":"https:\/\/api.w.org\/{rel}","templated":true}]}}