{"id":5182,"date":"2020-02-03T16:07:44","date_gmt":"2020-02-03T16:07:44","guid":{"rendered":"https:\/\/www.bullray.eu\/?page_id=5182"},"modified":"2021-05-14T08:52:06","modified_gmt":"2021-05-14T08:52:06","slug":"gestao-e-controlo-territorial","status":"publish","type":"page","link":"https:\/\/www.bullray.eu\/fr\/gestao-e-controlo-territorial\/","title":{"rendered":"Gestion et Contr\u00f4le Territoriale et de Ressources Naturelles"},"content":{"rendered":"<div data-elementor-type=\"wp-post\" data-elementor-id=\"5182\" class=\"elementor elementor-5182\">\n\t\t\t\t\t\t<section class=\"elementor-section elementor-top-section elementor-element elementor-element-72f353cf elementor-section-full_width elementor-section-height-default elementor-section-height-default\" data-id=\"72f353cf\" data-element_type=\"section\">\n\t\t\t\t\t\t<div class=\"elementor-container elementor-column-gap-no\">\n\t\t\t\t\t<div class=\"elementor-column elementor-col-100 elementor-top-column elementor-element elementor-element-19820c5c\" data-id=\"19820c5c\" data-element_type=\"column\">\n\t\t\t<div class=\"elementor-widget-wrap elementor-element-populated\">\n\t\t\t\t\t\t<div class=\"elementor-element elementor-element-3d9e0fad elementor-widget elementor-widget-saasland_appart_hero\" data-id=\"3d9e0fad\" data-element_type=\"widget\" data-widget_type=\"saasland_appart_hero.default\">\n\t\t\t\t<div class=\"elementor-widget-container\">\n\t\t\t\t\t            <section class=\"n_hero_banner_area\" style='background-image: -moz-linear-gradient( 40deg, #1c46df 0%, #18d8f6 100%);            background-image: -webkit-linear-gradient( 40deg, #1c46df 0%, #18d8f6 100%);            background-image: -ms-linear-gradient( 40deg, #1c46df 0%, #18d8f6 100%);'>\r\n\r\n                <svg id=\"hero_shape2_normal\" xmlns=\"http:\/\/www.w3.org\/2000\/svg\" xmlns:xlink=\"http:\/\/www.w3.org\/1999\/xlink\">\r\n                    <defs>\r\n                        <lineargradient id=\"PSgrad_0\" x1=\"0%\" x2=\"76.604%\" y1=\"64.279%\" y2=\"0%\">\r\n                            <stop offset=\"0%\" stop-color=\"rgb(224, 215, 251)\" stop-opacity=\"1\"><\/stop>\r\n                            <stop offset=\"100%\" stop-color=\"rgb(224, 215, 251)\" stop-opacity=\"1\"><\/stop>\r\n                        <\/lineargradient>\r\n                    <\/defs>\r\n                    <path fill-rule=\"evenodd\" fill=\"rgb(255, 255, 255)\" d=\"M0.000,246.000 C0.000,246.000 326.728,190.237 710.653,123.017 C937.017,83.384 1398.662,3.976 1398.662,3.976 C1398.662,3.976 1524.189,5.641 1668.565,26.591 C1813.299,47.594 1920.000,84.745 1920.000,84.745 L1920.000,323.000 L0.000,323.000 L0.000,246.000 Z\"><\/path>\r\n                    <path fill=\"url(#PSgrad_0)\" d=\"M0.000,323.249 C0.000,-57.945 0.000,623.445 0.000,242.251 C0.000,242.251 141.533,218.272 347.776,183.613 C479.132,161.538 636.827,133.656 800.746,105.827 C943.681,81.561 1097.680,52.804 1239.269,28.559 C1291.889,19.548 1358.059,5.849 1393.180,1.251 C1434.086,-4.103 1581.001,11.184 1661.097,24.221 C1818.678,49.869 1920.000,84.251 1920.000,84.251 L1920.000,190.407 C1813.062,96.085 1433.376,28.053 1285.064,28.053 L0.000,323.249 Z\"><\/path>\r\n                <\/svg>\r\n\r\n                <div class=\"container\">\r\n                    <div class=\"row\">\r\n                        <div class=\"col-lg-7 col-md-12\">\r\n                            <div class=\"n_banner_content\">\r\n                                                                    <h2 class=\"wow fadeInUp\"\r\n                                        data-wow-delay=\"300ms\">GESTION ET CONTR\u00d4LE TERRITORIALE ET DE RESSOURCES NATURELLES<\/h2>\r\n                                                                                                    <p class=\"wow fadeInUp\"\r\n                                       data-wow-delay=\"500ms\">Syst\u00e8mes int\u00e9gr\u00e9s pour g\u00e9rer plusieurs ressources \n<\/p>\r\n                                                                                                            <a class=\"agency_banner_btn  btn_custom elementor-repeater-item-577b924\" href=\"#featureapp\">\r\n                                                Voir les caract\u00e9ristiques                                             <\/a>\r\n                                                                        <\/div>\r\n                        <\/div>\r\n                                                    <div class=\"col-lg-4 offset-lg-1 col-md-12\">\r\n                                <div class=\"mobile_img wow fadeInUp animated\" data-wow-delay=\"0.2s\">\r\n                                    <img decoding=\"async\" src=\"https:\/\/www.bullray.eu\/wp-content\/uploads\/2020\/01\/world_connected_2.svg\" alt=\"f_img\">\r\n                                <\/div>\r\n                            <\/div>\r\n                                            <\/div>\r\n                <\/div>\r\n                <div class=\"shape_banners\">\r\n                    <img decoding=\"async\" class=\"img3 wow fadeIn\" data-wow-delay=\"1.5s\" src=\"https:\/\/www.bullray.eu\/wp-content\/plugins\/saasland-core\/widgets\/images\/appart-new\/3D.png\" alt=\"f_img\">\r\n                <\/div>\r\n                <div class=\"shape_banners_left\">\r\n                    <img decoding=\"async\" class=\"header-btm-shape wow fadeIn\" data-wow-delay=\"1.5s\" src=\"https:\/\/www.bullray.eu\/wp-content\/plugins\/saasland-core\/widgets\/images\/appart-new\/header-btm-shape.png\" alt=\"f_img\">\r\n                <\/div>\r\n            <\/section>\r\n            \t\t\t\t<\/div>\n\t\t\t\t<\/div>\n\t\t\t\t\t<\/div>\n\t\t<\/div>\n\t\t\t\t\t<\/div>\n\t\t<\/section>\n\t\t\t\t<section class=\"elementor-section elementor-top-section elementor-element elementor-element-6b035d94 elementor-section-full_width elementor-section-height-default elementor-section-height-default\" data-id=\"6b035d94\" data-element_type=\"section\" id=\"featureapp\">\n\t\t\t\t\t\t<div class=\"elementor-container elementor-column-gap-no\">\n\t\t\t\t\t<div class=\"elementor-column elementor-col-100 elementor-top-column elementor-element elementor-element-d1d525c\" data-id=\"d1d525c\" data-element_type=\"column\">\n\t\t\t<div class=\"elementor-widget-wrap elementor-element-populated\">\n\t\t\t\t\t\t<div class=\"elementor-element elementor-element-a89d666 elementor-widget elementor-widget-saasland_main_features\" data-id=\"a89d666\" data-element_type=\"widget\" data-widget_type=\"saasland_main_features.default\">\n\t\t\t\t<div class=\"elementor-widget-container\">\n\t\t\t\t\t            <section class=\"prototype_service_area_three\">\r\n                <div class=\"container\">\r\n                    <div class=\"prototype_service_info\">\r\n                        <div class=\"symbols-pulse active\">\r\n                            <div class=\"pulse-1\"><\/div>\r\n                            <div class=\"pulse-2\"><\/div>\r\n                            <div class=\"pulse-3\"><\/div>\r\n                            <div class=\"pulse-4\"><\/div>\r\n                            <div class=\"pulse-x\"><\/div>\r\n                        <\/div>\r\n\r\n                                                    <h2 class=\"f_size_30 f_600 t_color3 l_height45 text-center mb_90 wow fadeInUp\" data-wow-delay=\"0.3s\">\r\n                                Caract\u00e9ristiques des syst\u00e8mes                            <\/h2>\r\n                        \r\n                        <div class=\"row p_service_info\">\r\n                                                                <div class=\"col-lg-6 col-sm-6\">\r\n                                        <div class=\"p_service_item pr_70 wow fadeInLeft\" data-wow-delay=\"0.2s\">\r\n                                            <div class=\"icon icon_one elementor-repeater-item-db16613\">\r\n                                                                                                    <i class=\"ti-server\"><\/i>\r\n                                                                                                <\/div>\r\n                                            <h5 class=\"f_600 f_p t_color3\"> Infrastructures technologiques <\/h5>\r\n                                                                                            <p class=\"f_300\"> Centres de commandement et de contr\u00f4le pour la gestion des fronti\u00e8res terrestres, maritimes et a\u00e9riennes <\/p>\r\n                                                                                    <\/div>\r\n                                    <\/div>\r\n                                                                        <div class=\"col-lg-6 col-sm-6\">\r\n                                        <div class=\"p_service_item pr_70 wow fadeInLeft\" data-wow-delay=\"0.4s\">\r\n                                            <div class=\"icon icon_one elementor-repeater-item-3f260db\">\r\n                                                                                                    <i class=\"ti-cloud\"><\/i>\r\n                                                                                                <\/div>\r\n                                            <h5 class=\"f_600 f_p t_color3\"> Meilleures d\u00e9cisions <\/h5>\r\n                                                                                            <p class=\"f_300\"> D\u00e9veloppement d'infrastructures techniques pour le contr\u00f4le des fronti\u00e8res et les ressources naturelles (tourisme, agriculture et p\u00eache) <\/p>\r\n                                                                                    <\/div>\r\n                                    <\/div>\r\n                                                                        <div class=\"col-lg-6 col-sm-6\">\r\n                                        <div class=\"p_service_item pr_70 wow fadeInLeft\" data-wow-delay=\"0.6s\">\r\n                                            <div class=\"icon icon_one elementor-repeater-item-01a0294\">\r\n                                                                                                    <i class=\"ti-map\"><\/i>\r\n                                                                                                <\/div>\r\n                                            <h5 class=\"f_600 f_p t_color3\"> Geoespacial e Big data <\/h5>\r\n                                                                                            <p class=\"f_300\"> D\u00e9veloppement et int\u00e9gration de syst\u00e8mes combin\u00e9s \u00e0 usages multiples pour le contr\u00f4le territorial <\/p>\r\n                                                                                    <\/div>\r\n                                    <\/div>\r\n                                                                        <div class=\"col-lg-6 col-sm-6\">\r\n                                        <div class=\"p_service_item pr_70 wow fadeInLeft\" data-wow-delay=\"0.8s\">\r\n                                            <div class=\"icon icon_one elementor-repeater-item-dc75e46\">\r\n                                                                                                    <i class=\"ti-video-camera\"><\/i>\r\n                                                                                                <\/div>\r\n                                            <h5 class=\"f_600 f_p t_color3\"> Surveillance <\/h5>\r\n                                                                                            <p class=\"f_300\"> Int\u00e9gration et d\u00e9veloppement de syst\u00e8mes d'alarme et de syst\u00e8mes g\u00e9n\u00e9raux de d\u00e9tection d'urgence <\/p>\r\n                                                                                    <\/div>\r\n                                    <\/div>\r\n                                                                        <div class=\"col-lg-6 col-sm-6\">\r\n                                        <div class=\"p_service_item pr_70 wow fadeInLeft\" data-wow-delay=\"1s\">\r\n                                            <div class=\"icon icon_one elementor-repeater-item-c10a8f0\">\r\n                                                                                                    <i class=\"ti-target\"><\/i>\r\n                                                                                                <\/div>\r\n                                            <h5 class=\"f_600 f_p t_color3\"> Technologie pr\u00e9ventive <\/h5>\r\n                                                                                            <p class=\"f_300\"> Int\u00e9gration de technologies militaires et paramilitaires dans des v\u00e9hicules sp\u00e9ciaux pour des op\u00e9rations terrestres, maritimes et a\u00e9riennes <\/p>\r\n                                                                                    <\/div>\r\n                                    <\/div>\r\n                                                            <\/div>\r\n                    <\/div>\r\n                <\/div>\r\n            <\/section>\r\n        \t\t\t\t<\/div>\n\t\t\t\t<\/div>\n\t\t\t\t\t<\/div>\n\t\t<\/div>\n\t\t\t\t\t<\/div>\n\t\t<\/section>\n\t\t\t\t<section class=\"elementor-section elementor-top-section elementor-element elementor-element-b3e9c64 elementor-section-stretched elementor-section-boxed elementor-section-height-default elementor-section-height-default\" data-id=\"b3e9c64\" data-element_type=\"section\" data-settings=\"{&quot;stretch_section&quot;:&quot;section-stretched&quot;}\">\n\t\t\t\t\t\t\t<div class=\"elementor-background-overlay\"><\/div>\n\t\t\t\t\t\t\t<div class=\"elementor-container elementor-column-gap-default\">\n\t\t\t\t\t<div class=\"elementor-column elementor-col-100 elementor-top-column elementor-element elementor-element-f507e86\" data-id=\"f507e86\" data-element_type=\"column\">\n\t\t\t<div class=\"elementor-widget-wrap elementor-element-populated\">\n\t\t\t\t\t\t<div class=\"elementor-element elementor-element-cd21771 elementor-widget elementor-widget-saasland_appart_c2a\" data-id=\"cd21771\" data-element_type=\"widget\" data-widget_type=\"saasland_appart_c2a.default\">\n\t\t\t\t<div class=\"elementor-widget-container\">\n\t\t\t\t\t            <section class=\"overview-area\">\r\n                <div class=\"container-fluid\">\r\n                    <div class=\"row\">\r\n                        <div class=\"col-md-6 col-12 overview-details-left\">\r\n                                                            <img decoding=\"async\" src=\"https:\/\/www.bullray.eu\/wp-content\/uploads\/2020\/02\/customer_service.svg\"\r\n                                     class=\"img-responsive\" alt=\"Deseja saber mais?\">\r\n                                                    <\/div>\r\n                        <div class=\"col-md-6 col-12 overview-details-right\">\r\n                            <div class=\"overview-details\">\r\n                                <div class=\"title-four\">\r\n                                                                            <h2> Voulez-vous en savoir plus? <\/h2>\r\n                                                                    <\/div>\r\n                                <p>Nous sommes pr\u00eats \u00e0 vous aider avec tout ce dont vous avez besoin, pour toute question, veuillez nous contacter.<\/p>\n                                                                    <a href=\"https:\/\/www.bullray.eu\/fr\/contacte-os-nossos-especialistas\/\"                                        class=\"btn learn-btn-two\">\r\n                                        Contactes\r\n                                    <\/a>\r\n                                                            <\/div>\r\n                        <\/div>\r\n                    <\/div>\r\n                <\/div>\r\n            <\/section>\r\n            \t\t\t\t<\/div>\n\t\t\t\t<\/div>\n\t\t\t\t\t<\/div>\n\t\t<\/div>\n\t\t\t\t\t<\/div>\n\t\t<\/section>\n\t\t\t\t<\/div>","protected":false},"excerpt":{"rendered":"<p>GEST\u00c3O E CONTROLO DA SOBERANIA TERRITORIAL E RECURSOS NATURAIS Sistemas Integrados para gerir v\u00e1rios recursos Veja as caracter\u00edsticas Caracter\u00edsticas destes sistemas cr\u00edticos Infraestruturas tecnol\u00f3gicas Centros de comando e controlo para gest\u00e3o de fronteiras terrestres, mar\u00edtimas e a\u00e9reas Melhores decis\u00f5es Desenvolvimento de infraestruturas t\u00e9cnicas para controlo de fronteiras e recursos naturais (Turismo, Agricultura e Pescas) Geoespacial [&hellip;]<\/p>","protected":false},"author":5,"featured_media":0,"parent":0,"menu_order":0,"comment_status":"closed","ping_status":"closed","template":"elementor_header_footer","meta":{"_monsterinsights_skip_tracking":false,"_monsterinsights_sitenote_active":false,"_monsterinsights_sitenote_note":"","_monsterinsights_sitenote_category":0,"footnotes":""},"class_list":["post-5182","page","type-page","status-publish","hentry","no-post-thumbnail"],"acf":[],"yoast_head":"<!-- This site is optimized with the Yoast SEO plugin v26.5 - https:\/\/yoast.com\/wordpress\/plugins\/seo\/ -->\n<title>Gest\u00e3o e controlo territorial e recursos naturais - Bullray - CIT<\/title>\n<meta name=\"description\" content=\"Desenvolvimento de infraestruturas te\u0301cnicas para controlo de fronteiras e recursos naturais (turismo, agricultura e pescas).\" \/>\n<meta name=\"robots\" content=\"index, follow, max-snippet:-1, max-image-preview:large, max-video-preview:-1\" \/>\n<link rel=\"canonical\" href=\"https:\/\/www.bullray.eu\/fr\/gestao-e-controlo-territorial\/\" \/>\n<meta property=\"og:locale\" content=\"fr_FR\" \/>\n<meta property=\"og:type\" content=\"article\" \/>\n<meta property=\"og:title\" content=\"Gest\u00e3o e controlo territorial e recursos naturais - Bullray - CIT\" \/>\n<meta property=\"og:description\" content=\"Desenvolvimento de infraestruturas te\u0301cnicas para controlo de fronteiras e recursos naturais (turismo, agricultura e pescas).\" \/>\n<meta property=\"og:url\" content=\"https:\/\/www.bullray.eu\/fr\/gestao-e-controlo-territorial\/\" \/>\n<meta property=\"og:site_name\" content=\"Bullray - CIT\" \/>\n<meta property=\"article:publisher\" content=\"https:\/\/www.facebook.com\/bullraycitoficial\/\" \/>\n<meta property=\"article:modified_time\" content=\"2021-05-14T08:52:06+00:00\" \/>\n<meta property=\"og:image\" content=\"https:\/\/www.bullray.eu\/wp-content\/uploads\/2020\/01\/world_connected_2.svg\" \/>\n<meta name=\"twitter:card\" content=\"summary_large_image\" \/>\n<meta name=\"twitter:label1\" content=\"Dur\u00e9e de lecture estim\u00e9e\" \/>\n\t<meta name=\"twitter:data1\" content=\"2 minutes\" \/>\n<script type=\"application\/ld+json\" class=\"yoast-schema-graph\">{\"@context\":\"https:\/\/schema.org\",\"@graph\":[{\"@type\":\"WebPage\",\"@id\":\"https:\/\/www.bullray.eu\/gestao-e-controlo-territorial\/\",\"url\":\"https:\/\/www.bullray.eu\/gestao-e-controlo-territorial\/\",\"name\":\"Gest\u00e3o e controlo territorial e recursos naturais - Bullray - CIT\",\"isPartOf\":{\"@id\":\"https:\/\/www.bullray.eu\/#website\"},\"primaryImageOfPage\":{\"@id\":\"https:\/\/www.bullray.eu\/gestao-e-controlo-territorial\/#primaryimage\"},\"image\":{\"@id\":\"https:\/\/www.bullray.eu\/gestao-e-controlo-territorial\/#primaryimage\"},\"thumbnailUrl\":\"https:\/\/www.bullray.eu\/wp-content\/uploads\/2020\/01\/world_connected_2.svg\",\"datePublished\":\"2020-02-03T16:07:44+00:00\",\"dateModified\":\"2021-05-14T08:52:06+00:00\",\"description\":\"Desenvolvimento de infraestruturas te\u0301cnicas para controlo de fronteiras e recursos naturais (turismo, agricultura e pescas).\",\"breadcrumb\":{\"@id\":\"https:\/\/www.bullray.eu\/gestao-e-controlo-territorial\/#breadcrumb\"},\"inLanguage\":\"fr-FR\",\"potentialAction\":[{\"@type\":\"ReadAction\",\"target\":[\"https:\/\/www.bullray.eu\/gestao-e-controlo-territorial\/\"]}]},{\"@type\":\"ImageObject\",\"inLanguage\":\"fr-FR\",\"@id\":\"https:\/\/www.bullray.eu\/gestao-e-controlo-territorial\/#primaryimage\",\"url\":\"https:\/\/www.bullray.eu\/wp-content\/uploads\/2020\/01\/world_connected_2.svg\",\"contentUrl\":\"https:\/\/www.bullray.eu\/wp-content\/uploads\/2020\/01\/world_connected_2.svg\"},{\"@type\":\"BreadcrumbList\",\"@id\":\"https:\/\/www.bullray.eu\/gestao-e-controlo-territorial\/#breadcrumb\",\"itemListElement\":[{\"@type\":\"ListItem\",\"position\":1,\"name\":\"In\u00edcio\",\"item\":\"https:\/\/www.bullray.eu\/\"},{\"@type\":\"ListItem\",\"position\":2,\"name\":\"Gest\u00e3o e Controlo da Soberania Territorial e Recursos Naturais\"}]},{\"@type\":\"WebSite\",\"@id\":\"https:\/\/www.bullray.eu\/#website\",\"url\":\"https:\/\/www.bullray.eu\/\",\"name\":\"Bullray - CIT\",\"description\":\"Critical Integration Technology\",\"publisher\":{\"@id\":\"https:\/\/www.bullray.eu\/#organization\"},\"potentialAction\":[{\"@type\":\"SearchAction\",\"target\":{\"@type\":\"EntryPoint\",\"urlTemplate\":\"https:\/\/www.bullray.eu\/?s={search_term_string}\"},\"query-input\":{\"@type\":\"PropertyValueSpecification\",\"valueRequired\":true,\"valueName\":\"search_term_string\"}}],\"inLanguage\":\"fr-FR\"},{\"@type\":\"Organization\",\"@id\":\"https:\/\/www.bullray.eu\/#organization\",\"name\":\"Bullray CIT\",\"url\":\"https:\/\/www.bullray.eu\/\",\"logo\":{\"@type\":\"ImageObject\",\"inLanguage\":\"fr-FR\",\"@id\":\"https:\/\/www.bullray.eu\/#\/schema\/logo\/image\/\",\"url\":\"https:\/\/www.bullray.eu\/wp-content\/uploads\/2020\/04\/Logo_Bullray.png\",\"contentUrl\":\"https:\/\/www.bullray.eu\/wp-content\/uploads\/2020\/04\/Logo_Bullray.png\",\"width\":200,\"height\":200,\"caption\":\"Bullray CIT\"},\"image\":{\"@id\":\"https:\/\/www.bullray.eu\/#\/schema\/logo\/image\/\"},\"sameAs\":[\"https:\/\/www.facebook.com\/bullraycitoficial\/\",\"https:\/\/www.linkedin.com\/company\/bullraycit\"]}]}<\/script>\n<!-- \/ Yoast SEO plugin. -->","yoast_head_json":{"title":"Gest\u00e3o e controlo territorial e recursos naturais - Bullray - CIT","description":"Desenvolvimento de infraestruturas te\u0301cnicas para controlo de fronteiras e recursos naturais (turismo, agricultura e pescas).","robots":{"index":"index","follow":"follow","max-snippet":"max-snippet:-1","max-image-preview":"max-image-preview:large","max-video-preview":"max-video-preview:-1"},"canonical":"https:\/\/www.bullray.eu\/fr\/gestao-e-controlo-territorial\/","og_locale":"fr_FR","og_type":"article","og_title":"Gest\u00e3o e controlo territorial e recursos naturais - Bullray - CIT","og_description":"Desenvolvimento de infraestruturas te\u0301cnicas para controlo de fronteiras e recursos naturais (turismo, agricultura e pescas).","og_url":"https:\/\/www.bullray.eu\/fr\/gestao-e-controlo-territorial\/","og_site_name":"Bullray - CIT","article_publisher":"https:\/\/www.facebook.com\/bullraycitoficial\/","article_modified_time":"2021-05-14T08:52:06+00:00","og_image":[{"url":"https:\/\/www.bullray.eu\/wp-content\/uploads\/2020\/01\/world_connected_2.svg","type":"","width":"","height":""}],"twitter_card":"summary_large_image","twitter_misc":{"Dur\u00e9e de lecture estim\u00e9e":"2 minutes"},"schema":{"@context":"https:\/\/schema.org","@graph":[{"@type":"WebPage","@id":"https:\/\/www.bullray.eu\/gestao-e-controlo-territorial\/","url":"https:\/\/www.bullray.eu\/gestao-e-controlo-territorial\/","name":"Gest\u00e3o e controlo territorial e recursos naturais - Bullray - CIT","isPartOf":{"@id":"https:\/\/www.bullray.eu\/#website"},"primaryImageOfPage":{"@id":"https:\/\/www.bullray.eu\/gestao-e-controlo-territorial\/#primaryimage"},"image":{"@id":"https:\/\/www.bullray.eu\/gestao-e-controlo-territorial\/#primaryimage"},"thumbnailUrl":"https:\/\/www.bullray.eu\/wp-content\/uploads\/2020\/01\/world_connected_2.svg","datePublished":"2020-02-03T16:07:44+00:00","dateModified":"2021-05-14T08:52:06+00:00","description":"Desenvolvimento de infraestruturas te\u0301cnicas para controlo de fronteiras e recursos naturais (turismo, agricultura e pescas).","breadcrumb":{"@id":"https:\/\/www.bullray.eu\/gestao-e-controlo-territorial\/#breadcrumb"},"inLanguage":"fr-FR","potentialAction":[{"@type":"ReadAction","target":["https:\/\/www.bullray.eu\/gestao-e-controlo-territorial\/"]}]},{"@type":"ImageObject","inLanguage":"fr-FR","@id":"https:\/\/www.bullray.eu\/gestao-e-controlo-territorial\/#primaryimage","url":"https:\/\/www.bullray.eu\/wp-content\/uploads\/2020\/01\/world_connected_2.svg","contentUrl":"https:\/\/www.bullray.eu\/wp-content\/uploads\/2020\/01\/world_connected_2.svg"},{"@type":"BreadcrumbList","@id":"https:\/\/www.bullray.eu\/gestao-e-controlo-territorial\/#breadcrumb","itemListElement":[{"@type":"ListItem","position":1,"name":"In\u00edcio","item":"https:\/\/www.bullray.eu\/"},{"@type":"ListItem","position":2,"name":"Gest\u00e3o e Controlo da Soberania Territorial e Recursos Naturais"}]},{"@type":"WebSite","@id":"https:\/\/www.bullray.eu\/#website","url":"https:\/\/www.bullray.eu\/","name":"Bullray - CIT","description":"Critical Integration Technology","publisher":{"@id":"https:\/\/www.bullray.eu\/#organization"},"potentialAction":[{"@type":"SearchAction","target":{"@type":"EntryPoint","urlTemplate":"https:\/\/www.bullray.eu\/?s={search_term_string}"},"query-input":{"@type":"PropertyValueSpecification","valueRequired":true,"valueName":"search_term_string"}}],"inLanguage":"fr-FR"},{"@type":"Organization","@id":"https:\/\/www.bullray.eu\/#organization","name":"Bullray CIT","url":"https:\/\/www.bullray.eu\/","logo":{"@type":"ImageObject","inLanguage":"fr-FR","@id":"https:\/\/www.bullray.eu\/#\/schema\/logo\/image\/","url":"https:\/\/www.bullray.eu\/wp-content\/uploads\/2020\/04\/Logo_Bullray.png","contentUrl":"https:\/\/www.bullray.eu\/wp-content\/uploads\/2020\/04\/Logo_Bullray.png","width":200,"height":200,"caption":"Bullray CIT"},"image":{"@id":"https:\/\/www.bullray.eu\/#\/schema\/logo\/image\/"},"sameAs":["https:\/\/www.facebook.com\/bullraycitoficial\/","https:\/\/www.linkedin.com\/company\/bullraycit"]}]}},"_links":{"self":[{"href":"https:\/\/www.bullray.eu\/fr\/wp-json\/wp\/v2\/pages\/5182","targetHints":{"allow":["GET"]}}],"collection":[{"href":"https:\/\/www.bullray.eu\/fr\/wp-json\/wp\/v2\/pages"}],"about":[{"href":"https:\/\/www.bullray.eu\/fr\/wp-json\/wp\/v2\/types\/page"}],"author":[{"embeddable":true,"href":"https:\/\/www.bullray.eu\/fr\/wp-json\/wp\/v2\/users\/5"}],"replies":[{"embeddable":true,"href":"https:\/\/www.bullray.eu\/fr\/wp-json\/wp\/v2\/comments?post=5182"}],"version-history":[{"count":35,"href":"https:\/\/www.bullray.eu\/fr\/wp-json\/wp\/v2\/pages\/5182\/revisions"}],"predecessor-version":[{"id":6156,"href":"https:\/\/www.bullray.eu\/fr\/wp-json\/wp\/v2\/pages\/5182\/revisions\/6156"}],"wp:attachment":[{"href":"https:\/\/www.bullray.eu\/fr\/wp-json\/wp\/v2\/media?parent=5182"}],"curies":[{"name":"wp","href":"https:\/\/api.w.org\/{rel}","templated":true}]}}