{"id":5108,"date":"2020-01-29T11:39:37","date_gmt":"2020-01-29T11:39:37","guid":{"rendered":"https:\/\/www.bullray.eu\/?page_id=5108"},"modified":"2021-05-14T08:51:15","modified_gmt":"2021-05-14T08:51:15","slug":"documentos-de-seguranca","status":"publish","type":"page","link":"https:\/\/www.bullray.eu\/fr\/documentos-de-seguranca\/","title":{"rendered":"Documents S\u00e9curis\u00e9s"},"content":{"rendered":"<div data-elementor-type=\"wp-page\" data-elementor-id=\"5108\" class=\"elementor elementor-5108\">\n\t\t\t\t\t\t<section class=\"elementor-section elementor-top-section elementor-element elementor-element-48ac4ac elementor-section-full_width elementor-section-content-bottom elementor-section-height-default elementor-section-height-default\" data-id=\"48ac4ac\" data-element_type=\"section\">\n\t\t\t\t\t\t<div class=\"elementor-container elementor-column-gap-default\">\n\t\t\t\t\t<div class=\"elementor-column elementor-col-100 elementor-top-column elementor-element elementor-element-e4f8d0d\" data-id=\"e4f8d0d\" data-element_type=\"column\">\n\t\t\t<div class=\"elementor-widget-wrap elementor-element-populated\">\n\t\t\t\t\t\t<div class=\"elementor-element elementor-element-560fc5f elementor-widget elementor-widget-saasland_hero\" data-id=\"560fc5f\" data-element_type=\"widget\" data-widget_type=\"saasland_hero.default\">\n\t\t\t\t<div class=\"elementor-widget-container\">\n\t\t\t\t\t<section class=\"agency_banner_area_two\">\r\n    <div class=\"dot_shap one\"><\/div>\r\n    <div class=\"dot_shap two\"><\/div>\r\n    <div class=\"dot_shap three\"><\/div>\r\n    <div class=\"container\">\r\n        <div class=\"row\">\r\n                            <div class=\"col-lg-6 wow fadeInLeft\" data-wow-delay=\"0.4s\">\r\n                    <img decoding=\"async\" class=\"agency_banner_img\" src=\"https:\/\/www.bullray.eu\/wp-content\/uploads\/2020\/01\/MOCKUPCARTAOCFRENTEVERSO.png\" alt=\"DOCUMENTOS DE SEGURAN\u00c7A\">\r\n                <\/div>\r\n                        <div class=\"col-lg-5 offset-lg-1 d-flex align-items-center\">\r\n                <div class=\"agency_content_two\">\r\n                                            <h2 class=\"f_700 f_size_40 l_height50 w_color mb_20 wow fadeInRight\" data-wow-delay=\"0.3s\">DOCUMENTS DE S\u00c9CURIT\u00c9<br \/>\n<\/h2>\r\n                                                                <p class=\"f_300 w_color l_height28 wow fadeInRight\" data-wow-delay=\"0.4s\">\r\n                            Nous d\u00e9veloppons des solutions innovantes et s\u00e9curis\u00e9es, tout au long du processus de cr\u00e9ation, de personnalisation et de production de documents d'identification (e-Passports) et d'identit\u00e9 ainsi que la gestion des e-ID. <br \/>\nSolutions cl\u00e9 en main pour l'int\u00e9gration <br> de syst\u00e8mes e-Gov. <br><br \/>\n                        <\/p>\r\n                                    <div class=\"action_btn d-flex align-items-center mt_40 wow fadeInRight\" data-wow-delay=\"0.6s\">\r\n                                    <\/div>\r\n            <\/div>\r\n        <\/div>\r\n    <\/div>\r\n    <\/div>\r\n<\/section>\t\t\t\t<\/div>\n\t\t\t\t<\/div>\n\t\t\t\t\t<\/div>\n\t\t<\/div>\n\t\t\t\t\t<\/div>\n\t\t<\/section>\n\t\t\t\t<section class=\"elementor-section elementor-top-section elementor-element elementor-element-91f11a8 elementor-section-boxed elementor-section-height-default elementor-section-height-default\" data-id=\"91f11a8\" data-element_type=\"section\">\n\t\t\t\t\t\t<div class=\"elementor-container elementor-column-gap-default\">\n\t\t\t\t\t<div class=\"elementor-column elementor-col-50 elementor-top-column elementor-element elementor-element-9e455ab\" data-id=\"9e455ab\" data-element_type=\"column\">\n\t\t\t<div class=\"elementor-widget-wrap elementor-element-populated\">\n\t\t\t\t\t\t<div class=\"elementor-element elementor-element-e8773ea elementor-position-inline-start elementor-view-default elementor-mobile-position-block-start elementor-widget elementor-widget-icon-box\" data-id=\"e8773ea\" data-element_type=\"widget\" data-widget_type=\"icon-box.default\">\n\t\t\t\t<div class=\"elementor-widget-container\">\n\t\t\t\t\t\t\t<div class=\"elementor-icon-box-wrapper\">\n\n\t\t\t\t\t\t<div class=\"elementor-icon-box-icon\">\n\t\t\t\t<span  class=\"elementor-icon\">\n\t\t\t\t<i aria-hidden=\"true\" class=\"far fa-id-card\"><\/i>\t\t\t\t<\/span>\n\t\t\t<\/div>\n\t\t\t\n\t\t\t\t\t\t<div class=\"elementor-icon-box-content\">\n\n\t\t\t\t\t\t\t\t\t<h3 class=\"elementor-icon-box-title\">\n\t\t\t\t\t\t<span  >\n\t\t\t\t\t\t\tDocuments gouvernementaux\t\t\t\t\t\t<\/span>\n\t\t\t\t\t<\/h3>\n\t\t\t\t\n\t\t\t\t\t\t\t\t\t<p class=\"elementor-icon-box-description\">\n\t\t\t\t\t\tCartes d'identit\u00e9, carte de citoyen, permis de conduire et autres documents.\n\t\t\t\t\t<\/p>\n\t\t\t\t\n\t\t\t<\/div>\n\t\t\t\n\t\t<\/div>\n\t\t\t\t\t\t<\/div>\n\t\t\t\t<\/div>\n\t\t\t\t\t<\/div>\n\t\t<\/div>\n\t\t\t\t<div class=\"elementor-column elementor-col-50 elementor-top-column elementor-element elementor-element-1848fb4\" data-id=\"1848fb4\" data-element_type=\"column\">\n\t\t\t<div class=\"elementor-widget-wrap elementor-element-populated\">\n\t\t\t\t\t\t<div class=\"elementor-element elementor-element-0d4a526 elementor-position-inline-start elementor-view-default elementor-mobile-position-block-start elementor-widget elementor-widget-icon-box\" data-id=\"0d4a526\" data-element_type=\"widget\" data-widget_type=\"icon-box.default\">\n\t\t\t\t<div class=\"elementor-widget-container\">\n\t\t\t\t\t\t\t<div class=\"elementor-icon-box-wrapper\">\n\n\t\t\t\t\t\t<div class=\"elementor-icon-box-icon\">\n\t\t\t\t<span  class=\"elementor-icon\">\n\t\t\t\t<i aria-hidden=\"true\" class=\"fas fa-database\"><\/i>\t\t\t\t<\/span>\n\t\t\t<\/div>\n\t\t\t\n\t\t\t\t\t\t<div class=\"elementor-icon-box-content\">\n\n\t\t\t\t\t\t\t\t\t<h3 class=\"elementor-icon-box-title\">\n\t\t\t\t\t\t<span  >\n\t\t\t\t\t\t\tCentres de donn\u00e9es\n\t\t\t\t\t\t<\/span>\n\t\t\t\t\t<\/h3>\n\t\t\t\t\n\t\t\t\t\t\t\t\t\t<p class=\"elementor-icon-box-description\">\n\t\t\t\t\t\t\nD\u00e9veloppement et int\u00e9gration de centres de donn\u00e9es associ\u00e9s \u00e0 la gestion et services aux citoyens.\t\t\t\t\t<\/p>\n\t\t\t\t\n\t\t\t<\/div>\n\t\t\t\n\t\t<\/div>\n\t\t\t\t\t\t<\/div>\n\t\t\t\t<\/div>\n\t\t\t\t\t<\/div>\n\t\t<\/div>\n\t\t\t\t\t<\/div>\n\t\t<\/section>\n\t\t\t\t<section class=\"elementor-section elementor-top-section elementor-element elementor-element-3dccf17d elementor-section-stretched elementor-section-boxed elementor-section-height-default elementor-section-height-default\" data-id=\"3dccf17d\" data-element_type=\"section\" data-settings=\"{&quot;stretch_section&quot;:&quot;section-stretched&quot;}\">\n\t\t\t\t\t\t\t<div class=\"elementor-background-overlay\"><\/div>\n\t\t\t\t\t\t\t<div class=\"elementor-container elementor-column-gap-default\">\n\t\t\t\t\t<div class=\"elementor-column elementor-col-100 elementor-top-column elementor-element elementor-element-5734e294\" data-id=\"5734e294\" data-element_type=\"column\">\n\t\t\t<div class=\"elementor-widget-wrap elementor-element-populated\">\n\t\t\t\t\t\t<div class=\"elementor-element elementor-element-3727be9d elementor-widget elementor-widget-saasland_appart_c2a\" data-id=\"3727be9d\" data-element_type=\"widget\" data-widget_type=\"saasland_appart_c2a.default\">\n\t\t\t\t<div class=\"elementor-widget-container\">\n\t\t\t\t\t            <section class=\"overview-area\">\r\n                <div class=\"container-fluid\">\r\n                    <div class=\"row\">\r\n                        <div class=\"col-md-6 col-12 overview-details-left\">\r\n                                                            <img decoding=\"async\" src=\"https:\/\/www.bullray.eu\/wp-content\/uploads\/2020\/02\/customer_service.svg\"\r\n                                     class=\"img-responsive\" alt=\"Deseja saber mais?\">\r\n                                                    <\/div>\r\n                        <div class=\"col-md-6 col-12 overview-details-right\">\r\n                            <div class=\"overview-details\">\r\n                                <div class=\"title-four\">\r\n                                                                            <h2> Voulez-vous en savoir plus? <\/h2>\r\n                                                                    <\/div>\r\n                                <p>Nous sommes pr\u00eats \u00e0 vous aider avec tout ce dont vous avez besoin, pour toute question, veuillez nous contacter.<\/p>\n                                                                    <a href=\"https:\/\/www.bullray.eu\/fr\/contacte-os-nossos-especialistas\/\"                                        class=\"btn learn-btn-two\">\r\n                                        Contactes\r\n                                    <\/a>\r\n                                                            <\/div>\r\n                        <\/div>\r\n                    <\/div>\r\n                <\/div>\r\n            <\/section>\r\n            \t\t\t\t<\/div>\n\t\t\t\t<\/div>\n\t\t\t\t\t<\/div>\n\t\t<\/div>\n\t\t\t\t\t<\/div>\n\t\t<\/section>\n\t\t\t\t<\/div>","protected":false},"excerpt":{"rendered":"<p>DOCUMENTOS DE SEGURAN\u00c7A Desenvolvemos solu\u00e7\u00f5es inovadoras e seguras, em todo o processo de cria\u00e7\u00e3o, personaliza\u00e7\u00e3o e produ\u00e7\u00e3o de documentos de identifica\u00e7\u00e3o (e-Passports) e de identidade assim como gest\u00e3o de e-ID. Solu\u00e7\u00f5es chave na m\u00e3o para Integra\u00e7\u00e3o de todos os sistemas e-Gov. Documentos governamentais Bilhetes de Identidade, Cart\u00e3o de Cidad\u00e3o, Cartas de condu\u00e7\u00e3o, Documentos \u00fanicos. Centros [&hellip;]<\/p>","protected":false},"author":5,"featured_media":0,"parent":0,"menu_order":0,"comment_status":"closed","ping_status":"closed","template":"elementor_header_footer","meta":{"_monsterinsights_skip_tracking":false,"_monsterinsights_sitenote_active":false,"_monsterinsights_sitenote_note":"","_monsterinsights_sitenote_category":0,"footnotes":""},"class_list":["post-5108","page","type-page","status-publish","hentry","no-post-thumbnail"],"acf":[],"yoast_head":"<!-- This site is optimized with the Yoast SEO plugin v26.5 - https:\/\/yoast.com\/wordpress\/plugins\/seo\/ -->\n<title>Documentos de Alta Seguran\u00e7a (e-ID) - Bullray - CIT<\/title>\n<meta name=\"description\" content=\"Na Bullray-CIT conseguimos obter uma abordagem perfeita e segura de gest\u00e3o de Documentos de Alta Seguran\u00e7a e E-Identidade (Identidade Digital).\" \/>\n<meta name=\"robots\" content=\"index, follow, max-snippet:-1, max-image-preview:large, max-video-preview:-1\" \/>\n<link rel=\"canonical\" href=\"https:\/\/www.bullray.eu\/fr\/documentos-de-seguranca\/\" \/>\n<meta property=\"og:locale\" content=\"fr_FR\" \/>\n<meta property=\"og:type\" content=\"article\" \/>\n<meta property=\"og:title\" content=\"Documentos de Alta Seguran\u00e7a (e-ID) - Bullray - CIT\" \/>\n<meta property=\"og:description\" content=\"Na Bullray-CIT conseguimos obter uma abordagem perfeita e segura de gest\u00e3o de Documentos de Alta Seguran\u00e7a e E-Identidade (Identidade Digital).\" \/>\n<meta property=\"og:url\" content=\"https:\/\/www.bullray.eu\/fr\/documentos-de-seguranca\/\" \/>\n<meta property=\"og:site_name\" content=\"Bullray - CIT\" \/>\n<meta property=\"article:publisher\" content=\"https:\/\/www.facebook.com\/bullraycitoficial\/\" \/>\n<meta property=\"article:modified_time\" content=\"2021-05-14T08:51:15+00:00\" \/>\n<meta property=\"og:image\" content=\"https:\/\/www.bullray.eu\/wp-content\/uploads\/2020\/01\/MOCKUPCARTAOCFRENTEVERSO.png\" \/>\n<meta name=\"twitter:card\" content=\"summary_large_image\" \/>\n<meta name=\"twitter:label1\" content=\"Dur\u00e9e de lecture estim\u00e9e\" \/>\n\t<meta name=\"twitter:data1\" content=\"1 minute\" \/>\n<script type=\"application\/ld+json\" class=\"yoast-schema-graph\">{\"@context\":\"https:\/\/schema.org\",\"@graph\":[{\"@type\":\"WebPage\",\"@id\":\"https:\/\/www.bullray.eu\/fr\/documentos-de-seguranca\/\",\"url\":\"https:\/\/www.bullray.eu\/fr\/documentos-de-seguranca\/\",\"name\":\"Documentos de Alta Seguran\u00e7a (e-ID) - Bullray - CIT\",\"isPartOf\":{\"@id\":\"https:\/\/www.bullray.eu\/#website\"},\"primaryImageOfPage\":{\"@id\":\"https:\/\/www.bullray.eu\/fr\/documentos-de-seguranca\/#primaryimage\"},\"image\":{\"@id\":\"https:\/\/www.bullray.eu\/fr\/documentos-de-seguranca\/#primaryimage\"},\"thumbnailUrl\":\"https:\/\/www.bullray.eu\/wp-content\/uploads\/2020\/01\/MOCKUPCARTAOCFRENTEVERSO.png\",\"datePublished\":\"2020-01-29T11:39:37+00:00\",\"dateModified\":\"2021-05-14T08:51:15+00:00\",\"description\":\"Na Bullray-CIT conseguimos obter uma abordagem perfeita e segura de gest\u00e3o de Documentos de Alta Seguran\u00e7a e E-Identidade (Identidade Digital).\",\"breadcrumb\":{\"@id\":\"https:\/\/www.bullray.eu\/fr\/documentos-de-seguranca\/#breadcrumb\"},\"inLanguage\":\"fr-FR\",\"potentialAction\":[{\"@type\":\"ReadAction\",\"target\":[\"https:\/\/www.bullray.eu\/fr\/documentos-de-seguranca\/\"]}]},{\"@type\":\"ImageObject\",\"inLanguage\":\"fr-FR\",\"@id\":\"https:\/\/www.bullray.eu\/fr\/documentos-de-seguranca\/#primaryimage\",\"url\":\"https:\/\/www.bullray.eu\/wp-content\/uploads\/2020\/01\/MOCKUPCARTAOCFRENTEVERSO.png\",\"contentUrl\":\"https:\/\/www.bullray.eu\/wp-content\/uploads\/2020\/01\/MOCKUPCARTAOCFRENTEVERSO.png\"},{\"@type\":\"BreadcrumbList\",\"@id\":\"https:\/\/www.bullray.eu\/fr\/documentos-de-seguranca\/#breadcrumb\",\"itemListElement\":[{\"@type\":\"ListItem\",\"position\":1,\"name\":\"In\u00edcio\",\"item\":\"https:\/\/www.bullray.eu\/\"},{\"@type\":\"ListItem\",\"position\":2,\"name\":\"Documentos de Seguran\u00e7a\"}]},{\"@type\":\"WebSite\",\"@id\":\"https:\/\/www.bullray.eu\/#website\",\"url\":\"https:\/\/www.bullray.eu\/\",\"name\":\"Bullray - CIT\",\"description\":\"Critical Integration Technology\",\"publisher\":{\"@id\":\"https:\/\/www.bullray.eu\/#organization\"},\"potentialAction\":[{\"@type\":\"SearchAction\",\"target\":{\"@type\":\"EntryPoint\",\"urlTemplate\":\"https:\/\/www.bullray.eu\/?s={search_term_string}\"},\"query-input\":{\"@type\":\"PropertyValueSpecification\",\"valueRequired\":true,\"valueName\":\"search_term_string\"}}],\"inLanguage\":\"fr-FR\"},{\"@type\":\"Organization\",\"@id\":\"https:\/\/www.bullray.eu\/#organization\",\"name\":\"Bullray CIT\",\"url\":\"https:\/\/www.bullray.eu\/\",\"logo\":{\"@type\":\"ImageObject\",\"inLanguage\":\"fr-FR\",\"@id\":\"https:\/\/www.bullray.eu\/#\/schema\/logo\/image\/\",\"url\":\"https:\/\/www.bullray.eu\/wp-content\/uploads\/2020\/04\/Logo_Bullray.png\",\"contentUrl\":\"https:\/\/www.bullray.eu\/wp-content\/uploads\/2020\/04\/Logo_Bullray.png\",\"width\":200,\"height\":200,\"caption\":\"Bullray CIT\"},\"image\":{\"@id\":\"https:\/\/www.bullray.eu\/#\/schema\/logo\/image\/\"},\"sameAs\":[\"https:\/\/www.facebook.com\/bullraycitoficial\/\",\"https:\/\/www.linkedin.com\/company\/bullraycit\"]}]}<\/script>\n<!-- \/ Yoast SEO plugin. -->","yoast_head_json":{"title":"Documentos de Alta Seguran\u00e7a (e-ID) - Bullray - CIT","description":"Na Bullray-CIT conseguimos obter uma abordagem perfeita e segura de gest\u00e3o de Documentos de Alta Seguran\u00e7a e E-Identidade (Identidade Digital).","robots":{"index":"index","follow":"follow","max-snippet":"max-snippet:-1","max-image-preview":"max-image-preview:large","max-video-preview":"max-video-preview:-1"},"canonical":"https:\/\/www.bullray.eu\/fr\/documentos-de-seguranca\/","og_locale":"fr_FR","og_type":"article","og_title":"Documentos de Alta Seguran\u00e7a (e-ID) - Bullray - CIT","og_description":"Na Bullray-CIT conseguimos obter uma abordagem perfeita e segura de gest\u00e3o de Documentos de Alta Seguran\u00e7a e E-Identidade (Identidade Digital).","og_url":"https:\/\/www.bullray.eu\/fr\/documentos-de-seguranca\/","og_site_name":"Bullray - CIT","article_publisher":"https:\/\/www.facebook.com\/bullraycitoficial\/","article_modified_time":"2021-05-14T08:51:15+00:00","og_image":[{"url":"https:\/\/www.bullray.eu\/wp-content\/uploads\/2020\/01\/MOCKUPCARTAOCFRENTEVERSO.png","type":"","width":"","height":""}],"twitter_card":"summary_large_image","twitter_misc":{"Dur\u00e9e de lecture estim\u00e9e":"1 minute"},"schema":{"@context":"https:\/\/schema.org","@graph":[{"@type":"WebPage","@id":"https:\/\/www.bullray.eu\/fr\/documentos-de-seguranca\/","url":"https:\/\/www.bullray.eu\/fr\/documentos-de-seguranca\/","name":"Documentos de Alta Seguran\u00e7a (e-ID) - Bullray - CIT","isPartOf":{"@id":"https:\/\/www.bullray.eu\/#website"},"primaryImageOfPage":{"@id":"https:\/\/www.bullray.eu\/fr\/documentos-de-seguranca\/#primaryimage"},"image":{"@id":"https:\/\/www.bullray.eu\/fr\/documentos-de-seguranca\/#primaryimage"},"thumbnailUrl":"https:\/\/www.bullray.eu\/wp-content\/uploads\/2020\/01\/MOCKUPCARTAOCFRENTEVERSO.png","datePublished":"2020-01-29T11:39:37+00:00","dateModified":"2021-05-14T08:51:15+00:00","description":"Na Bullray-CIT conseguimos obter uma abordagem perfeita e segura de gest\u00e3o de Documentos de Alta Seguran\u00e7a e E-Identidade (Identidade Digital).","breadcrumb":{"@id":"https:\/\/www.bullray.eu\/fr\/documentos-de-seguranca\/#breadcrumb"},"inLanguage":"fr-FR","potentialAction":[{"@type":"ReadAction","target":["https:\/\/www.bullray.eu\/fr\/documentos-de-seguranca\/"]}]},{"@type":"ImageObject","inLanguage":"fr-FR","@id":"https:\/\/www.bullray.eu\/fr\/documentos-de-seguranca\/#primaryimage","url":"https:\/\/www.bullray.eu\/wp-content\/uploads\/2020\/01\/MOCKUPCARTAOCFRENTEVERSO.png","contentUrl":"https:\/\/www.bullray.eu\/wp-content\/uploads\/2020\/01\/MOCKUPCARTAOCFRENTEVERSO.png"},{"@type":"BreadcrumbList","@id":"https:\/\/www.bullray.eu\/fr\/documentos-de-seguranca\/#breadcrumb","itemListElement":[{"@type":"ListItem","position":1,"name":"In\u00edcio","item":"https:\/\/www.bullray.eu\/"},{"@type":"ListItem","position":2,"name":"Documentos de Seguran\u00e7a"}]},{"@type":"WebSite","@id":"https:\/\/www.bullray.eu\/#website","url":"https:\/\/www.bullray.eu\/","name":"Bullray - CIT","description":"Critical Integration Technology","publisher":{"@id":"https:\/\/www.bullray.eu\/#organization"},"potentialAction":[{"@type":"SearchAction","target":{"@type":"EntryPoint","urlTemplate":"https:\/\/www.bullray.eu\/?s={search_term_string}"},"query-input":{"@type":"PropertyValueSpecification","valueRequired":true,"valueName":"search_term_string"}}],"inLanguage":"fr-FR"},{"@type":"Organization","@id":"https:\/\/www.bullray.eu\/#organization","name":"Bullray CIT","url":"https:\/\/www.bullray.eu\/","logo":{"@type":"ImageObject","inLanguage":"fr-FR","@id":"https:\/\/www.bullray.eu\/#\/schema\/logo\/image\/","url":"https:\/\/www.bullray.eu\/wp-content\/uploads\/2020\/04\/Logo_Bullray.png","contentUrl":"https:\/\/www.bullray.eu\/wp-content\/uploads\/2020\/04\/Logo_Bullray.png","width":200,"height":200,"caption":"Bullray CIT"},"image":{"@id":"https:\/\/www.bullray.eu\/#\/schema\/logo\/image\/"},"sameAs":["https:\/\/www.facebook.com\/bullraycitoficial\/","https:\/\/www.linkedin.com\/company\/bullraycit"]}]}},"_links":{"self":[{"href":"https:\/\/www.bullray.eu\/fr\/wp-json\/wp\/v2\/pages\/5108","targetHints":{"allow":["GET"]}}],"collection":[{"href":"https:\/\/www.bullray.eu\/fr\/wp-json\/wp\/v2\/pages"}],"about":[{"href":"https:\/\/www.bullray.eu\/fr\/wp-json\/wp\/v2\/types\/page"}],"author":[{"embeddable":true,"href":"https:\/\/www.bullray.eu\/fr\/wp-json\/wp\/v2\/users\/5"}],"replies":[{"embeddable":true,"href":"https:\/\/www.bullray.eu\/fr\/wp-json\/wp\/v2\/comments?post=5108"}],"version-history":[{"count":38,"href":"https:\/\/www.bullray.eu\/fr\/wp-json\/wp\/v2\/pages\/5108\/revisions"}],"predecessor-version":[{"id":6147,"href":"https:\/\/www.bullray.eu\/fr\/wp-json\/wp\/v2\/pages\/5108\/revisions\/6147"}],"wp:attachment":[{"href":"https:\/\/www.bullray.eu\/fr\/wp-json\/wp\/v2\/media?parent=5108"}],"curies":[{"name":"wp","href":"https:\/\/api.w.org\/{rel}","templated":true}]}}