{"id":4863,"date":"2020-01-14T08:56:39","date_gmt":"2020-01-14T08:56:39","guid":{"rendered":"https:\/\/www.bullray.eu\/?page_id=4863"},"modified":"2020-03-30T14:13:24","modified_gmt":"2020-03-30T14:13:24","slug":"contacte-os-nossos-especialistas","status":"publish","type":"page","link":"https:\/\/www.bullray.eu\/fr\/contacte-os-nossos-especialistas\/","title":{"rendered":"Contactes"},"content":{"rendered":"<div data-elementor-type=\"wp-page\" data-elementor-id=\"4863\" class=\"elementor elementor-4863\">\n\t\t\t\t\t\t<section class=\"elementor-section elementor-top-section elementor-element elementor-element-b7c4c3a elementor-section-stretched elementor-section-full_width elementor-section-height-default elementor-section-height-default\" data-id=\"b7c4c3a\" data-element_type=\"section\" data-settings=\"{&quot;stretch_section&quot;:&quot;section-stretched&quot;}\">\n\t\t\t\t\t\t<div class=\"elementor-container elementor-column-gap-default\">\n\t\t\t\t\t<div class=\"elementor-column elementor-col-50 elementor-top-column elementor-element elementor-element-66632cf\" data-id=\"66632cf\" data-element_type=\"column\">\n\t\t\t<div class=\"elementor-widget-wrap elementor-element-populated\">\n\t\t\t\t\t\t<div class=\"elementor-element elementor-element-74fe894 elementor-widget elementor-widget-google_maps\" data-id=\"74fe894\" data-element_type=\"widget\" data-widget_type=\"google_maps.default\">\n\t\t\t\t<div class=\"elementor-widget-container\">\n\t\t\t\t\t\t\t<div class=\"elementor-custom-embed\">\n\t\t\t<iframe loading=\"lazy\"\n\t\t\t\t\tsrc=\"https:\/\/maps.google.com\/maps?q=Rua%20Gaivotas%20em%20Terra%206%2C%20Lisboa%2C%20Portugal&#038;t=m&#038;z=14&#038;output=embed&#038;iwloc=near\"\n\t\t\t\t\ttitle=\"Rua Gaivotas em Terra 6, Lisboa, Portugal\"\n\t\t\t\t\taria-label=\"Rua Gaivotas em Terra 6, Lisboa, Portugal\"\n\t\t\t><\/iframe>\n\t\t<\/div>\n\t\t\t\t\t\t<\/div>\n\t\t\t\t<\/div>\n\t\t\t\t\t<\/div>\n\t\t<\/div>\n\t\t\t\t<div class=\"elementor-column elementor-col-50 elementor-top-column elementor-element elementor-element-9f048a9\" data-id=\"9f048a9\" data-element_type=\"column\">\n\t\t\t<div class=\"elementor-widget-wrap elementor-element-populated\">\n\t\t\t\t\t\t<div class=\"elementor-element elementor-element-37e774d elementor-position-inline-start elementor-view-default elementor-mobile-position-block-start elementor-widget elementor-widget-icon-box\" data-id=\"37e774d\" data-element_type=\"widget\" data-widget_type=\"icon-box.default\">\n\t\t\t\t<div class=\"elementor-widget-container\">\n\t\t\t\t\t\t\t<div class=\"elementor-icon-box-wrapper\">\n\n\t\t\t\t\t\t<div class=\"elementor-icon-box-icon\">\n\t\t\t\t<a href=\"mailto:geral@bullray.eu\" class=\"elementor-icon\" tabindex=\"-1\" aria-label=\"geral@bullray.eu\">\n\t\t\t\t<i aria-hidden=\"true\" class=\"fas fa-envelope\"><\/i>\t\t\t\t<\/a>\n\t\t\t<\/div>\n\t\t\t\n\t\t\t\t\t\t<div class=\"elementor-icon-box-content\">\n\n\t\t\t\t\t\t\t\t\t<h5 class=\"elementor-icon-box-title\">\n\t\t\t\t\t\t<a href=\"mailto:geral@bullray.eu\" >\n\t\t\t\t\t\t\tgeral@bullray.eu\t\t\t\t\t\t<\/a>\n\t\t\t\t\t<\/h5>\n\t\t\t\t\n\t\t\t\t\n\t\t\t<\/div>\n\t\t\t\n\t\t<\/div>\n\t\t\t\t\t\t<\/div>\n\t\t\t\t<\/div>\n\t\t\t\t<div class=\"elementor-element elementor-element-58c893e elementor-position-inline-start elementor-view-default elementor-mobile-position-block-start elementor-widget elementor-widget-icon-box\" data-id=\"58c893e\" data-element_type=\"widget\" data-widget_type=\"icon-box.default\">\n\t\t\t\t<div class=\"elementor-widget-container\">\n\t\t\t\t\t\t\t<div class=\"elementor-icon-box-wrapper\">\n\n\t\t\t\t\t\t<div class=\"elementor-icon-box-icon\">\n\t\t\t\t<span  class=\"elementor-icon\">\n\t\t\t\t<i aria-hidden=\"true\" class=\"fas fa-phone-alt\"><\/i>\t\t\t\t<\/span>\n\t\t\t<\/div>\n\t\t\t\n\t\t\t\t\t\t<div class=\"elementor-icon-box-content\">\n\n\t\t\t\t\t\t\t\t\t<h5 class=\"elementor-icon-box-title\">\n\t\t\t\t\t\t<span  >\n\t\t\t\t\t\t\t +351 218 498 308\t\t\t\t\t\t<\/span>\n\t\t\t\t\t<\/h5>\n\t\t\t\t\n\t\t\t\t\n\t\t\t<\/div>\n\t\t\t\n\t\t<\/div>\n\t\t\t\t\t\t<\/div>\n\t\t\t\t<\/div>\n\t\t\t\t<div class=\"elementor-element elementor-element-e5dcb37 elementor-position-inline-start elementor-view-default elementor-mobile-position-block-start elementor-widget elementor-widget-icon-box\" data-id=\"e5dcb37\" data-element_type=\"widget\" data-widget_type=\"icon-box.default\">\n\t\t\t\t<div class=\"elementor-widget-container\">\n\t\t\t\t\t\t\t<div class=\"elementor-icon-box-wrapper\">\n\n\t\t\t\t\t\t<div class=\"elementor-icon-box-icon\">\n\t\t\t\t<span  class=\"elementor-icon\">\n\t\t\t\t<i aria-hidden=\"true\" class=\"fas fa-map-marker-alt\"><\/i>\t\t\t\t<\/span>\n\t\t\t<\/div>\n\t\t\t\n\t\t\t\t\t\t<div class=\"elementor-icon-box-content\">\n\n\t\t\t\t\t\t\t\t\t<h5 class=\"elementor-icon-box-title\">\n\t\t\t\t\t\t<span  >\n\t\t\t\t\t\t\tR. Gaivotas em Terra N\u00ba6 E,<br> 1990-601 LISBOA\t\t\t\t\t\t<\/span>\n\t\t\t\t\t<\/h5>\n\t\t\t\t\n\t\t\t\t\n\t\t\t<\/div>\n\t\t\t\n\t\t<\/div>\n\t\t\t\t\t\t<\/div>\n\t\t\t\t<\/div>\n\t\t\t\t\t<\/div>\n\t\t<\/div>\n\t\t\t\t\t<\/div>\n\t\t<\/section>\n\t\t\t\t<section class=\"elementor-section elementor-top-section elementor-element elementor-element-3410a941 elementor-section-stretched elementor-section-boxed elementor-section-height-default elementor-section-height-default\" data-id=\"3410a941\" data-element_type=\"section\" data-settings=\"{&quot;background_background&quot;:&quot;classic&quot;,&quot;stretch_section&quot;:&quot;section-stretched&quot;}\">\n\t\t\t\t\t\t<div class=\"elementor-container elementor-column-gap-default\">\n\t\t\t\t\t<div class=\"elementor-column elementor-col-100 elementor-top-column elementor-element elementor-element-6cb32e33\" data-id=\"6cb32e33\" data-element_type=\"column\" data-settings=\"{&quot;background_background&quot;:&quot;classic&quot;}\">\n\t\t\t<div class=\"elementor-widget-wrap elementor-element-populated\">\n\t\t\t\t\t\t<div class=\"elementor-element elementor-element-6eec3283 elementor-widget elementor-widget-heading\" data-id=\"6eec3283\" data-element_type=\"widget\" data-widget_type=\"heading.default\">\n\t\t\t\t<div class=\"elementor-widget-container\">\n\t\t\t\t\t<h2 class=\"elementor-heading-title elementor-size-default\"><br> Contactes<br><\/h2>\t\t\t\t<\/div>\n\t\t\t\t<\/div>\n\t\t\t\t<div class=\"elementor-element elementor-element-2757ca52 elementor-widget elementor-widget-shortcode\" data-id=\"2757ca52\" data-element_type=\"widget\" data-widget_type=\"shortcode.default\">\n\t\t\t\t<div class=\"elementor-widget-container\">\n\t\t\t\t\t\t\t<div class=\"elementor-shortcode\">\n<div class=\"wpcf7 no-js\" id=\"wpcf7-f5-o1\" lang=\"pt-PT\" dir=\"ltr\" data-wpcf7-id=\"5\">\n<div class=\"screen-reader-response\"><p role=\"status\" aria-live=\"polite\" aria-atomic=\"true\"><\/p> <ul><\/ul><\/div>\n<form action=\"\/fr\/wp-json\/wp\/v2\/pages\/4863#wpcf7-f5-o1\" method=\"post\" class=\"wpcf7-form init row apply_form wpcf7-acceptance-as-validation\" aria-label=\"Formul\u00e1rio de contacto\" novalidate=\"novalidate\" data-status=\"init\" data-trp-original-action=\"\/fr\/wp-json\/wp\/v2\/pages\/4863#wpcf7-f5-o1\">\n<fieldset class=\"hidden-fields-container\"><input type=\"hidden\" name=\"_wpcf7\" value=\"5\" \/><input type=\"hidden\" name=\"_wpcf7_version\" value=\"6.1.4\" \/><input type=\"hidden\" name=\"_wpcf7_locale\" value=\"pt_PT\" \/><input type=\"hidden\" name=\"_wpcf7_unit_tag\" value=\"wpcf7-f5-o1\" \/><input type=\"hidden\" name=\"_wpcf7_container_post\" value=\"0\" \/><input type=\"hidden\" name=\"_wpcf7_posted_data_hash\" value=\"\" \/>\n<\/fieldset>\n<div class=\"form-group col-md-6\">\n\t<p><label> Votre nom (obligatoire)<br \/>\n<span class=\"wpcf7-form-control-wrap\" data-name=\"your-name\"><input size=\"40\" maxlength=\"400\" class=\"wpcf7-form-control wpcf7-text wpcf7-validates-as-required\" aria-required=\"true\" aria-invalid=\"false\" value=\"\" type=\"text\" name=\"your-name\" \/><\/span> <\/label>\n\t<\/p>\n<\/div>\n<div class=\"form-group col-md-6\">\n\t<p><label> Votre email (obligatoire)<br \/>\n<span class=\"wpcf7-form-control-wrap\" data-name=\"your-email\"><input size=\"40\" maxlength=\"400\" class=\"wpcf7-form-control wpcf7-email wpcf7-validates-as-required wpcf7-text wpcf7-validates-as-email\" aria-required=\"true\" aria-invalid=\"false\" value=\"\" type=\"email\" name=\"your-email\" \/><\/span> <\/label>\n\t<\/p>\n<\/div>\n<div class=\"form-group col-md-12\">\n\t<p><label> Votre message<br \/>\n<span class=\"wpcf7-form-control-wrap\" data-name=\"your-message\"><textarea cols=\"240\" rows=\"480\" maxlength=\"480\" class=\"wpcf7-form-control wpcf7-textarea\" id=\"textareacustom\" aria-invalid=\"false\" name=\"your-message\"><\/textarea><\/span><br \/>\n<\/label>\n\t<\/p>\n<\/div>\n<div class=\"form-group col-md-12 text-center\">\n\t<p><span class=\"wpcf7-form-control-wrap\" data-name=\"acceptance-358\"><span class=\"wpcf7-form-control wpcf7-acceptance\"><span class=\"wpcf7-list-item\"><label><input type=\"checkbox\" name=\"acceptance-358\" value=\"1\" checked=\"checked\" aria-invalid=\"false\" \/><span class=\"wpcf7-list-item-label\">En utilisant ce formulaire, j'autorise le traitement de mes donn\u00e9es personnelles par Bullray-CIT conform\u00e9ment \u00e0 la l\u00e9gislation en vigueur.<\/span><\/label><\/span><\/span><\/span><br \/>\n<input class=\"wpcf7-form-control wpcf7-submit has-spinner btn_hover saas_banner_btn mt_40\" type=\"submit\" value=\"Envoyer\" \/>\n\t<\/p>\n<\/div><p style=\"display: none !important;\" class=\"akismet-fields-container\" data-prefix=\"_wpcf7_ak_\"><label>&#916;<textarea name=\"_wpcf7_ak_hp_textarea\" cols=\"45\" rows=\"8\" maxlength=\"100\"><\/textarea><\/label><input type=\"hidden\" id=\"ak_js_1\" name=\"_wpcf7_ak_js\" value=\"186\"\/><script>document.getElementById( \"ak_js_1\" ).setAttribute( \"value\", ( new Date() ).getTime() );<\/script><\/p><div class=\"wpcf7-response-output\" aria-hidden=\"true\"><\/div>\n<input type=\"hidden\" name=\"trp-form-language\" value=\"fr\"\/><\/form>\n<\/div>\n<\/div>\n\t\t\t\t\t\t<\/div>\n\t\t\t\t<\/div>\n\t\t\t\t<div class=\"elementor-element elementor-element-280b07bf elementor-widget elementor-widget-spacer\" data-id=\"280b07bf\" data-element_type=\"widget\" data-widget_type=\"spacer.default\">\n\t\t\t\t<div class=\"elementor-widget-container\">\n\t\t\t\t\t\t\t<div class=\"elementor-spacer\">\n\t\t\t<div class=\"elementor-spacer-inner\"><\/div>\n\t\t<\/div>\n\t\t\t\t\t\t<\/div>\n\t\t\t\t<\/div>\n\t\t\t\t\t<\/div>\n\t\t<\/div>\n\t\t\t\t\t<\/div>\n\t\t<\/section>\n\t\t\t\t<\/div>","protected":false},"excerpt":{"rendered":"<p>geral@bullray.eu +351 218 498 308 R. Gaivotas em Terra N\u00ba6 E, 1990-601 LISBOA Contacte-nos<\/p>","protected":false},"author":5,"featured_media":0,"parent":0,"menu_order":0,"comment_status":"closed","ping_status":"closed","template":"","meta":{"_monsterinsights_skip_tracking":false,"_monsterinsights_sitenote_active":false,"_monsterinsights_sitenote_note":"","_monsterinsights_sitenote_category":0,"footnotes":""},"class_list":["post-4863","page","type-page","status-publish","hentry","no-post-thumbnail"],"acf":[],"yoast_head":"<!-- This site is optimized with the Yoast SEO plugin v26.5 - https:\/\/yoast.com\/wordpress\/plugins\/seo\/ -->\n<title>Bullray-CIT - Entre em contacto com os nossos especialistas<\/title>\n<meta name=\"description\" content=\"Deseja saber mais? Entre em contacto com os nossos especialistas, estamos dispon\u00edveis atrav\u00e9s dos nosso canais de comunica\u00e7\u00e3o. geral@bullray.eu\" \/>\n<meta name=\"robots\" content=\"index, follow, max-snippet:-1, max-image-preview:large, max-video-preview:-1\" \/>\n<link rel=\"canonical\" href=\"https:\/\/www.bullray.eu\/fr\/contacte-os-nossos-especialistas\/\" \/>\n<meta property=\"og:locale\" content=\"fr_FR\" \/>\n<meta property=\"og:type\" content=\"article\" \/>\n<meta property=\"og:title\" content=\"Bullray-CIT - Entre em contacto com os nossos especialistas\" \/>\n<meta property=\"og:description\" content=\"Deseja saber mais? Entre em contacto com os nossos especialistas, estamos dispon\u00edveis atrav\u00e9s dos nosso canais de comunica\u00e7\u00e3o. geral@bullray.eu\" \/>\n<meta property=\"og:url\" content=\"https:\/\/www.bullray.eu\/fr\/contacte-os-nossos-especialistas\/\" \/>\n<meta property=\"og:site_name\" content=\"Bullray - CIT\" \/>\n<meta property=\"article:publisher\" content=\"https:\/\/www.facebook.com\/bullraycitoficial\/\" \/>\n<meta property=\"article:modified_time\" content=\"2020-03-30T14:13:24+00:00\" \/>\n<meta property=\"og:image\" content=\"https:\/\/www.bullray.eu\/wp-content\/uploads\/2020\/04\/bullray_logo_blutop.png\" \/>\n\t<meta property=\"og:image:width\" content=\"324\" \/>\n\t<meta property=\"og:image:height\" content=\"108\" \/>\n\t<meta property=\"og:image:type\" content=\"image\/png\" \/>\n<meta name=\"twitter:card\" content=\"summary_large_image\" \/>\n<script type=\"application\/ld+json\" class=\"yoast-schema-graph\">{\"@context\":\"https:\/\/schema.org\",\"@graph\":[{\"@type\":\"WebPage\",\"@id\":\"https:\/\/www.bullray.eu\/fr\/contacte-os-nossos-especialistas\/\",\"url\":\"https:\/\/www.bullray.eu\/fr\/contacte-os-nossos-especialistas\/\",\"name\":\"Bullray-CIT - Entre em contacto com os nossos especialistas\",\"isPartOf\":{\"@id\":\"https:\/\/www.bullray.eu\/#website\"},\"datePublished\":\"2020-01-14T08:56:39+00:00\",\"dateModified\":\"2020-03-30T14:13:24+00:00\",\"description\":\"Deseja saber mais? Entre em contacto com os nossos especialistas, estamos dispon\u00edveis atrav\u00e9s dos nosso canais de comunica\u00e7\u00e3o. geral@bullray.eu\",\"breadcrumb\":{\"@id\":\"https:\/\/www.bullray.eu\/fr\/contacte-os-nossos-especialistas\/#breadcrumb\"},\"inLanguage\":\"fr-FR\",\"potentialAction\":[{\"@type\":\"ReadAction\",\"target\":[\"https:\/\/www.bullray.eu\/fr\/contacte-os-nossos-especialistas\/\"]}]},{\"@type\":\"BreadcrumbList\",\"@id\":\"https:\/\/www.bullray.eu\/fr\/contacte-os-nossos-especialistas\/#breadcrumb\",\"itemListElement\":[{\"@type\":\"ListItem\",\"position\":1,\"name\":\"In\u00edcio\",\"item\":\"https:\/\/www.bullray.eu\/\"},{\"@type\":\"ListItem\",\"position\":2,\"name\":\"Contacte-nos\"}]},{\"@type\":\"WebSite\",\"@id\":\"https:\/\/www.bullray.eu\/#website\",\"url\":\"https:\/\/www.bullray.eu\/\",\"name\":\"Bullray - CIT\",\"description\":\"Critical Integration Technology\",\"publisher\":{\"@id\":\"https:\/\/www.bullray.eu\/#organization\"},\"potentialAction\":[{\"@type\":\"SearchAction\",\"target\":{\"@type\":\"EntryPoint\",\"urlTemplate\":\"https:\/\/www.bullray.eu\/?s={search_term_string}\"},\"query-input\":{\"@type\":\"PropertyValueSpecification\",\"valueRequired\":true,\"valueName\":\"search_term_string\"}}],\"inLanguage\":\"fr-FR\"},{\"@type\":\"Organization\",\"@id\":\"https:\/\/www.bullray.eu\/#organization\",\"name\":\"Bullray CIT\",\"url\":\"https:\/\/www.bullray.eu\/\",\"logo\":{\"@type\":\"ImageObject\",\"inLanguage\":\"fr-FR\",\"@id\":\"https:\/\/www.bullray.eu\/#\/schema\/logo\/image\/\",\"url\":\"https:\/\/www.bullray.eu\/wp-content\/uploads\/2020\/04\/Logo_Bullray.png\",\"contentUrl\":\"https:\/\/www.bullray.eu\/wp-content\/uploads\/2020\/04\/Logo_Bullray.png\",\"width\":200,\"height\":200,\"caption\":\"Bullray CIT\"},\"image\":{\"@id\":\"https:\/\/www.bullray.eu\/#\/schema\/logo\/image\/\"},\"sameAs\":[\"https:\/\/www.facebook.com\/bullraycitoficial\/\",\"https:\/\/www.linkedin.com\/company\/bullraycit\"]}]}<\/script>\n<!-- \/ Yoast SEO plugin. -->","yoast_head_json":{"title":"Bullray-CIT - Entre em contacto com os nossos especialistas","description":"Deseja saber mais? Entre em contacto com os nossos especialistas, estamos dispon\u00edveis atrav\u00e9s dos nosso canais de comunica\u00e7\u00e3o. geral@bullray.eu","robots":{"index":"index","follow":"follow","max-snippet":"max-snippet:-1","max-image-preview":"max-image-preview:large","max-video-preview":"max-video-preview:-1"},"canonical":"https:\/\/www.bullray.eu\/fr\/contacte-os-nossos-especialistas\/","og_locale":"fr_FR","og_type":"article","og_title":"Bullray-CIT - Entre em contacto com os nossos especialistas","og_description":"Deseja saber mais? Entre em contacto com os nossos especialistas, estamos dispon\u00edveis atrav\u00e9s dos nosso canais de comunica\u00e7\u00e3o. geral@bullray.eu","og_url":"https:\/\/www.bullray.eu\/fr\/contacte-os-nossos-especialistas\/","og_site_name":"Bullray - CIT","article_publisher":"https:\/\/www.facebook.com\/bullraycitoficial\/","article_modified_time":"2020-03-30T14:13:24+00:00","og_image":[{"width":324,"height":108,"url":"https:\/\/www.bullray.eu\/wp-content\/uploads\/2020\/04\/bullray_logo_blutop.png","type":"image\/png"}],"twitter_card":"summary_large_image","schema":{"@context":"https:\/\/schema.org","@graph":[{"@type":"WebPage","@id":"https:\/\/www.bullray.eu\/fr\/contacte-os-nossos-especialistas\/","url":"https:\/\/www.bullray.eu\/fr\/contacte-os-nossos-especialistas\/","name":"Bullray-CIT - Entre em contacto com os nossos especialistas","isPartOf":{"@id":"https:\/\/www.bullray.eu\/#website"},"datePublished":"2020-01-14T08:56:39+00:00","dateModified":"2020-03-30T14:13:24+00:00","description":"Deseja saber mais? Entre em contacto com os nossos especialistas, estamos dispon\u00edveis atrav\u00e9s dos nosso canais de comunica\u00e7\u00e3o. geral@bullray.eu","breadcrumb":{"@id":"https:\/\/www.bullray.eu\/fr\/contacte-os-nossos-especialistas\/#breadcrumb"},"inLanguage":"fr-FR","potentialAction":[{"@type":"ReadAction","target":["https:\/\/www.bullray.eu\/fr\/contacte-os-nossos-especialistas\/"]}]},{"@type":"BreadcrumbList","@id":"https:\/\/www.bullray.eu\/fr\/contacte-os-nossos-especialistas\/#breadcrumb","itemListElement":[{"@type":"ListItem","position":1,"name":"In\u00edcio","item":"https:\/\/www.bullray.eu\/"},{"@type":"ListItem","position":2,"name":"Contacte-nos"}]},{"@type":"WebSite","@id":"https:\/\/www.bullray.eu\/#website","url":"https:\/\/www.bullray.eu\/","name":"Bullray - CIT","description":"Critical Integration Technology","publisher":{"@id":"https:\/\/www.bullray.eu\/#organization"},"potentialAction":[{"@type":"SearchAction","target":{"@type":"EntryPoint","urlTemplate":"https:\/\/www.bullray.eu\/?s={search_term_string}"},"query-input":{"@type":"PropertyValueSpecification","valueRequired":true,"valueName":"search_term_string"}}],"inLanguage":"fr-FR"},{"@type":"Organization","@id":"https:\/\/www.bullray.eu\/#organization","name":"Bullray CIT","url":"https:\/\/www.bullray.eu\/","logo":{"@type":"ImageObject","inLanguage":"fr-FR","@id":"https:\/\/www.bullray.eu\/#\/schema\/logo\/image\/","url":"https:\/\/www.bullray.eu\/wp-content\/uploads\/2020\/04\/Logo_Bullray.png","contentUrl":"https:\/\/www.bullray.eu\/wp-content\/uploads\/2020\/04\/Logo_Bullray.png","width":200,"height":200,"caption":"Bullray CIT"},"image":{"@id":"https:\/\/www.bullray.eu\/#\/schema\/logo\/image\/"},"sameAs":["https:\/\/www.facebook.com\/bullraycitoficial\/","https:\/\/www.linkedin.com\/company\/bullraycit"]}]}},"_links":{"self":[{"href":"https:\/\/www.bullray.eu\/fr\/wp-json\/wp\/v2\/pages\/4863","targetHints":{"allow":["GET"]}}],"collection":[{"href":"https:\/\/www.bullray.eu\/fr\/wp-json\/wp\/v2\/pages"}],"about":[{"href":"https:\/\/www.bullray.eu\/fr\/wp-json\/wp\/v2\/types\/page"}],"author":[{"embeddable":true,"href":"https:\/\/www.bullray.eu\/fr\/wp-json\/wp\/v2\/users\/5"}],"replies":[{"embeddable":true,"href":"https:\/\/www.bullray.eu\/fr\/wp-json\/wp\/v2\/comments?post=4863"}],"version-history":[{"count":23,"href":"https:\/\/www.bullray.eu\/fr\/wp-json\/wp\/v2\/pages\/4863\/revisions"}],"predecessor-version":[{"id":5812,"href":"https:\/\/www.bullray.eu\/fr\/wp-json\/wp\/v2\/pages\/4863\/revisions\/5812"}],"wp:attachment":[{"href":"https:\/\/www.bullray.eu\/fr\/wp-json\/wp\/v2\/media?parent=4863"}],"curies":[{"name":"wp","href":"https:\/\/api.w.org\/{rel}","templated":true}]}}