{"id":4833,"date":"2020-01-13T09:23:57","date_gmt":"2020-01-13T09:23:57","guid":{"rendered":"https:\/\/www.bullray.eu\/?page_id=4833"},"modified":"2020-03-30T14:32:35","modified_gmt":"2020-03-30T14:32:35","slug":"responsabilidade-social","status":"publish","type":"page","link":"https:\/\/www.bullray.eu\/fr\/responsabilidade-social\/","title":{"rendered":"Responsabilit\u00e9 Sociale"},"content":{"rendered":"<div data-elementor-type=\"wp-page\" data-elementor-id=\"4833\" class=\"elementor elementor-4833\">\n\t\t\t\t\t\t<section class=\"elementor-section elementor-top-section elementor-element elementor-element-4af86a92 elementor-section-boxed elementor-section-height-default elementor-section-height-default\" data-id=\"4af86a92\" data-element_type=\"section\">\n\t\t\t\t\t\t<div class=\"elementor-container elementor-column-gap-default\">\n\t\t\t\t\t<div class=\"elementor-column elementor-col-100 elementor-top-column elementor-element elementor-element-6031d5a4\" data-id=\"6031d5a4\" data-element_type=\"column\">\n\t\t\t<div class=\"elementor-widget-wrap elementor-element-populated\">\n\t\t\t\t\t\t<div class=\"elementor-element elementor-element-37344b4b elementor-widget elementor-widget-text-editor\" data-id=\"37344b4b\" data-element_type=\"widget\" data-widget_type=\"text-editor.default\">\n\t\t\t\t<div class=\"elementor-widget-container\">\n\t\t\t\t\t\t\t\t\t<p><\/p>\n<p><span style=\"color: #333333;\"><img fetchpriority=\"high\" decoding=\"async\" class=\"size-full wp-image-4835 alignleft\" src=\"https:\/\/www.bullray.eu\/wp-content\/uploads\/2020\/01\/Logo-quinet.png\" alt=\"\" width=\"430\" height=\"149\" srcset=\"https:\/\/www.bullray.eu\/wp-content\/uploads\/2020\/01\/Logo-quinet.png 430w, https:\/\/www.bullray.eu\/wp-content\/uploads\/2020\/01\/Logo-quinet-300x104.png 300w\" sizes=\"(max-width: 430px) 100vw, 430px\" \/><\/span><\/p>\n<p class=\"p1\"><span class=\"s1\" style=\"color: #333333;\">-<strong> BULLRAY CIT<\/strong> est consciente du r\u00f4le social qu'elle peut jouer et reste attentive aux besoins sociaux des communaut\u00e9s o\u00f9 elle d\u00e9veloppe le travail et les r\u00e9seaux de partenaires<\/span><\/p>\n<p class=\"p1\"><span class=\"s1\" style=\"color: #333333;\">Nous sommes impliqu\u00e9s dans des projets qui font une diff\u00e9rence dans la vie des gens, qui am\u00e9liorent leur vie quotidienne et qui contribuent \u00e0 l'avenir d'une soci\u00e9t\u00e9 plus juste et \u00e9quitable.<\/span><\/p>\n<p><span style=\"color: #333333;\">Entre autres, le projet QINET, con\u00e7u par le directeur g\u00e9n\u00e9ral et enti\u00e8rement d\u00e9velopp\u00e9 par l'\u00e9quipe Bullray, nous remplit de fiert\u00e9. Afin d'offrir une \u00e9ducation de qualit\u00e9 l\u00e0 o\u00f9 elle n'existe pas et de promouvoir les habitudes d'\u00e9tude des \u00e9l\u00e8ves et de leurs familles, QINET est d\u00e9j\u00e0 devenu une r\u00e9f\u00e9rence et a m\u00eame une \u00e9cole \u00e0 son nom.<\/span><\/p>\n<h4><span style=\"color: #333333;\"><strong style=\"font-weight: bold; margin-bottom: 0px;\"><img decoding=\"async\" class=\"size-medium wp-image-4838 alignleft\" src=\"https:\/\/www.bullray.eu\/wp-content\/uploads\/2020\/01\/bill-wegener-285004-unsplash-300x207.jpg\" alt=\"\" width=\"300\" height=\"207\" srcset=\"https:\/\/www.bullray.eu\/wp-content\/uploads\/2020\/01\/bill-wegener-285004-unsplash-300x207.jpg 300w, https:\/\/www.bullray.eu\/wp-content\/uploads\/2020\/01\/bill-wegener-285004-unsplash-1024x707.jpg 1024w, https:\/\/www.bullray.eu\/wp-content\/uploads\/2020\/01\/bill-wegener-285004-unsplash-768x530.jpg 768w, https:\/\/www.bullray.eu\/wp-content\/uploads\/2020\/01\/bill-wegener-285004-unsplash-1536x1061.jpg 1536w, https:\/\/www.bullray.eu\/wp-content\/uploads\/2020\/01\/bill-wegener-285004-unsplash-2048x1414.jpg 2048w\" sizes=\"(max-width: 300px) 100vw, 300px\" \/><\/strong><\/span><\/h4>\n<p><span style=\"color: #333333;\">Cela fait partie de notre identit\u00e9 collaborative que nous pr\u00eatons attention aux besoins de ceux qui nous entourent et, comme nous l'avons fait jusqu'\u00e0 pr\u00e9sent, nous continuerons d'intervenir dans des domaines qui, nous le savons, peuvent faire la diff\u00e9rence.<\/span><\/p>\n<p style=\"margin-right: 0px; margin-bottom: 0px; margin-left: 0px; color: #444444; font-family: Raleway, sans-serif; letter-spacing: 0.45px;\">\u00a0<\/p>\n<p><\/p>\t\t\t\t\t\t\t\t<\/div>\n\t\t\t\t<\/div>\n\t\t\t\t\t<\/div>\n\t\t<\/div>\n\t\t\t\t\t<\/div>\n\t\t<\/section>\n\t\t\t\t<\/div>","protected":false},"excerpt":{"rendered":"<p>A BULLRAY CIT est\u00e1 consciente do papel social que pode desempenhar e mant\u00e9m-se atenta \u00e0s necessidades sociais das comunidades onde desenvolve trabalho e redes de parceiros. Estamos envolvidos em projetos que fazem a diferen\u00e7a na vida das pessoas, que melhoram o seu dia-a-dia e que contribuem para o futuro de uma sociedade mais justa e [&hellip;]<\/p>","protected":false},"author":5,"featured_media":0,"parent":0,"menu_order":0,"comment_status":"closed","ping_status":"closed","template":"","meta":{"_monsterinsights_skip_tracking":false,"_monsterinsights_sitenote_active":false,"_monsterinsights_sitenote_note":"","_monsterinsights_sitenote_category":0,"footnotes":""},"class_list":["post-4833","page","type-page","status-publish","hentry","no-post-thumbnail"],"acf":[],"yoast_head":"<!-- This site is optimized with the Yoast SEO plugin v26.5 - https:\/\/yoast.com\/wordpress\/plugins\/seo\/ -->\n<title>Responsabilidade Social - Bullray - CIT<\/title>\n<meta name=\"description\" content=\"A Bullray-CIT est\u00e1 envolvida em projetos que fazem a diferen\u00e7a no quotidiano, que melhoram o seu dia-a-dia e que contribuem para o futuro.\" \/>\n<meta name=\"robots\" content=\"index, follow, max-snippet:-1, max-image-preview:large, max-video-preview:-1\" \/>\n<link rel=\"canonical\" href=\"https:\/\/www.bullray.eu\/fr\/responsabilidade-social\/\" \/>\n<meta property=\"og:locale\" content=\"fr_FR\" \/>\n<meta property=\"og:type\" content=\"article\" \/>\n<meta property=\"og:title\" content=\"Responsabilidade Social - Bullray - CIT\" \/>\n<meta property=\"og:description\" content=\"A Bullray-CIT est\u00e1 envolvida em projetos que fazem a diferen\u00e7a no quotidiano, que melhoram o seu dia-a-dia e que contribuem para o futuro.\" \/>\n<meta property=\"og:url\" content=\"https:\/\/www.bullray.eu\/fr\/responsabilidade-social\/\" \/>\n<meta property=\"og:site_name\" content=\"Bullray - CIT\" \/>\n<meta property=\"article:publisher\" content=\"https:\/\/www.facebook.com\/bullraycitoficial\/\" \/>\n<meta property=\"article:modified_time\" content=\"2020-03-30T14:32:35+00:00\" \/>\n<meta property=\"og:image\" content=\"https:\/\/www.bullray.eu\/wp-content\/uploads\/2020\/01\/Logo-quinet.png\" \/>\n<meta name=\"twitter:card\" content=\"summary_large_image\" \/>\n<meta name=\"twitter:label1\" content=\"Dur\u00e9e de lecture estim\u00e9e\" \/>\n\t<meta name=\"twitter:data1\" content=\"1 minute\" \/>\n<script type=\"application\/ld+json\" class=\"yoast-schema-graph\">{\"@context\":\"https:\/\/schema.org\",\"@graph\":[{\"@type\":\"WebPage\",\"@id\":\"https:\/\/www.bullray.eu\/fr\/responsabilidade-social\/\",\"url\":\"https:\/\/www.bullray.eu\/fr\/responsabilidade-social\/\",\"name\":\"Responsabilidade Social - Bullray - CIT\",\"isPartOf\":{\"@id\":\"https:\/\/www.bullray.eu\/#website\"},\"primaryImageOfPage\":{\"@id\":\"https:\/\/www.bullray.eu\/fr\/responsabilidade-social\/#primaryimage\"},\"image\":{\"@id\":\"https:\/\/www.bullray.eu\/fr\/responsabilidade-social\/#primaryimage\"},\"thumbnailUrl\":\"https:\/\/www.bullray.eu\/wp-content\/uploads\/2020\/01\/Logo-quinet.png\",\"datePublished\":\"2020-01-13T09:23:57+00:00\",\"dateModified\":\"2020-03-30T14:32:35+00:00\",\"description\":\"A Bullray-CIT est\u00e1 envolvida em projetos que fazem a diferen\u00e7a no quotidiano, que melhoram o seu dia-a-dia e que contribuem para o futuro.\",\"breadcrumb\":{\"@id\":\"https:\/\/www.bullray.eu\/fr\/responsabilidade-social\/#breadcrumb\"},\"inLanguage\":\"fr-FR\",\"potentialAction\":[{\"@type\":\"ReadAction\",\"target\":[\"https:\/\/www.bullray.eu\/fr\/responsabilidade-social\/\"]}]},{\"@type\":\"ImageObject\",\"inLanguage\":\"fr-FR\",\"@id\":\"https:\/\/www.bullray.eu\/fr\/responsabilidade-social\/#primaryimage\",\"url\":\"https:\/\/www.bullray.eu\/wp-content\/uploads\/2020\/01\/Logo-quinet.png\",\"contentUrl\":\"https:\/\/www.bullray.eu\/wp-content\/uploads\/2020\/01\/Logo-quinet.png\"},{\"@type\":\"BreadcrumbList\",\"@id\":\"https:\/\/www.bullray.eu\/fr\/responsabilidade-social\/#breadcrumb\",\"itemListElement\":[{\"@type\":\"ListItem\",\"position\":1,\"name\":\"In\u00edcio\",\"item\":\"https:\/\/www.bullray.eu\/\"},{\"@type\":\"ListItem\",\"position\":2,\"name\":\"Responsabilidade Social\"}]},{\"@type\":\"WebSite\",\"@id\":\"https:\/\/www.bullray.eu\/#website\",\"url\":\"https:\/\/www.bullray.eu\/\",\"name\":\"Bullray - CIT\",\"description\":\"Critical Integration Technology\",\"publisher\":{\"@id\":\"https:\/\/www.bullray.eu\/#organization\"},\"potentialAction\":[{\"@type\":\"SearchAction\",\"target\":{\"@type\":\"EntryPoint\",\"urlTemplate\":\"https:\/\/www.bullray.eu\/?s={search_term_string}\"},\"query-input\":{\"@type\":\"PropertyValueSpecification\",\"valueRequired\":true,\"valueName\":\"search_term_string\"}}],\"inLanguage\":\"fr-FR\"},{\"@type\":\"Organization\",\"@id\":\"https:\/\/www.bullray.eu\/#organization\",\"name\":\"Bullray CIT\",\"url\":\"https:\/\/www.bullray.eu\/\",\"logo\":{\"@type\":\"ImageObject\",\"inLanguage\":\"fr-FR\",\"@id\":\"https:\/\/www.bullray.eu\/#\/schema\/logo\/image\/\",\"url\":\"https:\/\/www.bullray.eu\/wp-content\/uploads\/2020\/04\/Logo_Bullray.png\",\"contentUrl\":\"https:\/\/www.bullray.eu\/wp-content\/uploads\/2020\/04\/Logo_Bullray.png\",\"width\":200,\"height\":200,\"caption\":\"Bullray CIT\"},\"image\":{\"@id\":\"https:\/\/www.bullray.eu\/#\/schema\/logo\/image\/\"},\"sameAs\":[\"https:\/\/www.facebook.com\/bullraycitoficial\/\",\"https:\/\/www.linkedin.com\/company\/bullraycit\"]}]}<\/script>\n<!-- \/ Yoast SEO plugin. -->","yoast_head_json":{"title":"Responsabilidade Social - Bullray - CIT","description":"A Bullray-CIT est\u00e1 envolvida em projetos que fazem a diferen\u00e7a no quotidiano, que melhoram o seu dia-a-dia e que contribuem para o futuro.","robots":{"index":"index","follow":"follow","max-snippet":"max-snippet:-1","max-image-preview":"max-image-preview:large","max-video-preview":"max-video-preview:-1"},"canonical":"https:\/\/www.bullray.eu\/fr\/responsabilidade-social\/","og_locale":"fr_FR","og_type":"article","og_title":"Responsabilidade Social - Bullray - CIT","og_description":"A Bullray-CIT est\u00e1 envolvida em projetos que fazem a diferen\u00e7a no quotidiano, que melhoram o seu dia-a-dia e que contribuem para o futuro.","og_url":"https:\/\/www.bullray.eu\/fr\/responsabilidade-social\/","og_site_name":"Bullray - CIT","article_publisher":"https:\/\/www.facebook.com\/bullraycitoficial\/","article_modified_time":"2020-03-30T14:32:35+00:00","og_image":[{"url":"https:\/\/www.bullray.eu\/wp-content\/uploads\/2020\/01\/Logo-quinet.png","type":"","width":"","height":""}],"twitter_card":"summary_large_image","twitter_misc":{"Dur\u00e9e de lecture estim\u00e9e":"1 minute"},"schema":{"@context":"https:\/\/schema.org","@graph":[{"@type":"WebPage","@id":"https:\/\/www.bullray.eu\/fr\/responsabilidade-social\/","url":"https:\/\/www.bullray.eu\/fr\/responsabilidade-social\/","name":"Responsabilidade Social - Bullray - CIT","isPartOf":{"@id":"https:\/\/www.bullray.eu\/#website"},"primaryImageOfPage":{"@id":"https:\/\/www.bullray.eu\/fr\/responsabilidade-social\/#primaryimage"},"image":{"@id":"https:\/\/www.bullray.eu\/fr\/responsabilidade-social\/#primaryimage"},"thumbnailUrl":"https:\/\/www.bullray.eu\/wp-content\/uploads\/2020\/01\/Logo-quinet.png","datePublished":"2020-01-13T09:23:57+00:00","dateModified":"2020-03-30T14:32:35+00:00","description":"A Bullray-CIT est\u00e1 envolvida em projetos que fazem a diferen\u00e7a no quotidiano, que melhoram o seu dia-a-dia e que contribuem para o futuro.","breadcrumb":{"@id":"https:\/\/www.bullray.eu\/fr\/responsabilidade-social\/#breadcrumb"},"inLanguage":"fr-FR","potentialAction":[{"@type":"ReadAction","target":["https:\/\/www.bullray.eu\/fr\/responsabilidade-social\/"]}]},{"@type":"ImageObject","inLanguage":"fr-FR","@id":"https:\/\/www.bullray.eu\/fr\/responsabilidade-social\/#primaryimage","url":"https:\/\/www.bullray.eu\/wp-content\/uploads\/2020\/01\/Logo-quinet.png","contentUrl":"https:\/\/www.bullray.eu\/wp-content\/uploads\/2020\/01\/Logo-quinet.png"},{"@type":"BreadcrumbList","@id":"https:\/\/www.bullray.eu\/fr\/responsabilidade-social\/#breadcrumb","itemListElement":[{"@type":"ListItem","position":1,"name":"In\u00edcio","item":"https:\/\/www.bullray.eu\/"},{"@type":"ListItem","position":2,"name":"Responsabilidade Social"}]},{"@type":"WebSite","@id":"https:\/\/www.bullray.eu\/#website","url":"https:\/\/www.bullray.eu\/","name":"Bullray - CIT","description":"Critical Integration Technology","publisher":{"@id":"https:\/\/www.bullray.eu\/#organization"},"potentialAction":[{"@type":"SearchAction","target":{"@type":"EntryPoint","urlTemplate":"https:\/\/www.bullray.eu\/?s={search_term_string}"},"query-input":{"@type":"PropertyValueSpecification","valueRequired":true,"valueName":"search_term_string"}}],"inLanguage":"fr-FR"},{"@type":"Organization","@id":"https:\/\/www.bullray.eu\/#organization","name":"Bullray CIT","url":"https:\/\/www.bullray.eu\/","logo":{"@type":"ImageObject","inLanguage":"fr-FR","@id":"https:\/\/www.bullray.eu\/#\/schema\/logo\/image\/","url":"https:\/\/www.bullray.eu\/wp-content\/uploads\/2020\/04\/Logo_Bullray.png","contentUrl":"https:\/\/www.bullray.eu\/wp-content\/uploads\/2020\/04\/Logo_Bullray.png","width":200,"height":200,"caption":"Bullray CIT"},"image":{"@id":"https:\/\/www.bullray.eu\/#\/schema\/logo\/image\/"},"sameAs":["https:\/\/www.facebook.com\/bullraycitoficial\/","https:\/\/www.linkedin.com\/company\/bullraycit"]}]}},"_links":{"self":[{"href":"https:\/\/www.bullray.eu\/fr\/wp-json\/wp\/v2\/pages\/4833","targetHints":{"allow":["GET"]}}],"collection":[{"href":"https:\/\/www.bullray.eu\/fr\/wp-json\/wp\/v2\/pages"}],"about":[{"href":"https:\/\/www.bullray.eu\/fr\/wp-json\/wp\/v2\/types\/page"}],"author":[{"embeddable":true,"href":"https:\/\/www.bullray.eu\/fr\/wp-json\/wp\/v2\/users\/5"}],"replies":[{"embeddable":true,"href":"https:\/\/www.bullray.eu\/fr\/wp-json\/wp\/v2\/comments?post=4833"}],"version-history":[{"count":20,"href":"https:\/\/www.bullray.eu\/fr\/wp-json\/wp\/v2\/pages\/4833\/revisions"}],"predecessor-version":[{"id":5813,"href":"https:\/\/www.bullray.eu\/fr\/wp-json\/wp\/v2\/pages\/4833\/revisions\/5813"}],"wp:attachment":[{"href":"https:\/\/www.bullray.eu\/fr\/wp-json\/wp\/v2\/media?parent=4833"}],"curies":[{"name":"wp","href":"https:\/\/api.w.org\/{rel}","templated":true}]}}