{"id":3,"date":"2020-01-07T14:19:17","date_gmt":"2020-01-07T14:19:17","guid":{"rendered":"https:\/\/www.bullray.eu\/?page_id=3"},"modified":"2020-03-18T16:25:17","modified_gmt":"2020-03-18T16:25:17","slug":"politica-privacidade","status":"publish","type":"page","link":"https:\/\/www.bullray.eu\/fr\/politica-privacidade\/","title":{"rendered":"Politique de confidentialit\u00e9"},"content":{"rendered":"<div data-elementor-type=\"wp-page\" data-elementor-id=\"3\" class=\"elementor elementor-3\">\n\t\t\t\t\t\t<section class=\"elementor-section elementor-top-section elementor-element elementor-element-4e4f1002 elementor-section-boxed elementor-section-height-default elementor-section-height-default\" data-id=\"4e4f1002\" data-element_type=\"section\">\n\t\t\t\t\t\t<div class=\"elementor-container elementor-column-gap-default\">\n\t\t\t\t\t<div class=\"elementor-column elementor-col-100 elementor-top-column elementor-element elementor-element-63e450d\" data-id=\"63e450d\" data-element_type=\"column\">\n\t\t\t<div class=\"elementor-widget-wrap elementor-element-populated\">\n\t\t\t\t\t\t<div class=\"elementor-element elementor-element-6d0eaf60 elementor-widget elementor-widget-text-editor\" data-id=\"6d0eaf60\" data-element_type=\"widget\" data-widget_type=\"text-editor.default\">\n\t\t\t\t<div class=\"elementor-widget-container\">\n\t\t\t\t\t\t\t\t\t<h5>Informations personnelles<\/h5>\n<p>Lorsque vous utilisez notre site, il peut vous \u00eatre demand\u00e9 de fournir des d\u00e9tails concernant votre identification, tels que les v\u00f4tres: nom, contact t\u00e9l\u00e9phonique et adresse e-mail. Cependant, nous soulignons que vous avez toujours la possibilit\u00e9 de ne pas fournir ces donn\u00e9es et de visiter notre site Web de mani\u00e8re anonyme.<\/p>\n<h5>Vos donn\u00e9es personnelles sont-elles en s\u00e9curit\u00e9?<\/h5>\n<p>Bullray-CIT prend un certain nombre de mesures pour prot\u00e9ger vos informations personnelles lorsque vous saisissez ou soumettez vos donn\u00e9es personnelles.<br \/>Toutes les informations confidentielles \/ de cr\u00e9dit sont transmises via la technologie Secure Socket Layer (SSL) et sont ensuite crypt\u00e9es. Il est garanti que seules les personnes disposant de l'autorisation appropri\u00e9e ont acc\u00e8s \u00e0 vos informations confidentielles et sont tenues de les garder confidentielles.<\/p>\n<h5>Quel est le finalit\u00e9 de l'utilisation des donn\u00e9es personnelles?<\/h5>\n<p>Afin que votre exp\u00e9rience sur notre site Web soit sp\u00e9cifique et personnalis\u00e9e selon vos pr\u00e9f\u00e9rences et vos besoins.<br \/>Pour optimiser notre site Web.<br \/>Afin que nous puissions servir le client aussi correctement que possible et selon ses attentes.<br \/>Pour envoyer des e-mails p\u00e9riodiques.<br \/>Pour g\u00e9rer les recherches ou autres ressources sur le site.<\/p>\n<h5>Pouvons-nous transf\u00e9rer vos donn\u00e9es personnelles?<\/h5>\n<p>Bullray-CIT peut avoir recours pour la fourniture de services, et il peut \u00eatre n\u00e9cessaire que ces tiers aient acc\u00e8s \u00e0 des donn\u00e9es personnelles. Nous vous assurons que ces tiers respectent les exigences l\u00e9gales.<\/p>\n<h5>Utilisons-nous des cookies?<\/h5>\n<p>Oui, afin que nous puissions vous offrir l'exp\u00e9rience la plus personnalis\u00e9e et appropri\u00e9e sur notre site Web.<br \/>Les cookies sont de petits fichiers informatiques qui vous permettent d'identifier votre appareil d'acc\u00e8s \u00e0 Internet et qui peuvent contenir des informations personnelles et qui visent \u00e0 am\u00e9liorer votre utilisation du site Web et du site Web lui-m\u00eame. Ceux-ci ne peuvent \u00eatre effectu\u00e9s qu'avec votre permission.<\/p>\n<h5>Liens vers des tiers<\/h5>\n<p>Des services ou produits tiers peuvent parfois \u00eatre inclus ou offerts sur notre site Web. Ils ont des politiques de confidentialit\u00e9 en place ind\u00e9pendamment de Bullray, et nous n'assumons aucune responsabilit\u00e9 pour le contenu et l'activit\u00e9 de ces sites tiers. Cependant, si vous avez des informations concernant ces sites, nous vous invitons \u00e0 les partager avec nous afin que nous puissions am\u00e9liorer et maintenir l'int\u00e9grit\u00e9 de notre site Web.<\/p>\n<h5>Politique de confidentialit\u00e9 en ligne uniquement<\/h5>\n<p>Cette politique de confidentialit\u00e9 en ligne s'applique uniquement \u00e0 la collecte d'informations relatives \u00e0 notre site Web et ne s'applique pas aux informations collect\u00e9es hors ligne.<\/p>\n<h5>Votre consentement<\/h5>\n<p>En utilisant notre site Web, vous acceptez notre politique de confidentialit\u00e9.<\/p>\n<h5>Modifications de notre politique de confidentialit\u00e9<\/h5>\n<p>Si nous d\u00e9cidons de modifier notre politique de confidentialit\u00e9, nous publierons ces modifications sur cette page.<\/p>\n<p><!-- \/wp:heading --><\/p>\t\t\t\t\t\t\t\t<\/div>\n\t\t\t\t<\/div>\n\t\t\t\t\t<\/div>\n\t\t<\/div>\n\t\t\t\t\t<\/div>\n\t\t<\/section>\n\t\t\t\t<\/div>","protected":false},"excerpt":{"rendered":"<p>Dados pessoais Ao utilizar o nosso site poder\u00e3o ser-lhe solicitados dados relativos \u00e0 sua identifica\u00e7\u00e3o, tais como o seu: nome, contacto telef\u00f3nico e endere\u00e7o de e-mail. Contudo, salientamos que tem sempre a hip\u00f3tese de n\u00e3o indicar estes dados e visitar o nosso site em anonimamente. Os seus dados pessoais est\u00e3o seguros? A Bullray-CIT adota v\u00e1rias [&hellip;]<\/p>","protected":false},"author":5,"featured_media":0,"parent":0,"menu_order":0,"comment_status":"closed","ping_status":"open","template":"","meta":{"_monsterinsights_skip_tracking":false,"_monsterinsights_sitenote_active":false,"_monsterinsights_sitenote_note":"","_monsterinsights_sitenote_category":0,"footnotes":""},"class_list":["post-3","page","type-page","status-publish","hentry","no-post-thumbnail"],"acf":[],"yoast_head":"<!-- This site is optimized with the Yoast SEO plugin v26.5 - https:\/\/yoast.com\/wordpress\/plugins\/seo\/ -->\n<title>Pol\u00edtica de privacidade - Bullray - CIT<\/title>\n<meta name=\"robots\" content=\"index, follow, max-snippet:-1, max-image-preview:large, max-video-preview:-1\" \/>\n<link rel=\"canonical\" href=\"https:\/\/www.bullray.eu\/fr\/politica-privacidade\/\" \/>\n<meta property=\"og:locale\" content=\"fr_FR\" \/>\n<meta property=\"og:type\" content=\"article\" \/>\n<meta property=\"og:title\" content=\"Pol\u00edtica de privacidade - Bullray - CIT\" \/>\n<meta property=\"og:description\" content=\"Dados pessoais Ao utilizar o nosso site poder\u00e3o ser-lhe solicitados dados relativos \u00e0 sua identifica\u00e7\u00e3o, tais como o seu: nome, contacto telef\u00f3nico e endere\u00e7o de e-mail. Contudo, salientamos que tem sempre a hip\u00f3tese de n\u00e3o indicar estes dados e visitar o nosso site em anonimamente. Os seus dados pessoais est\u00e3o seguros? A Bullray-CIT adota v\u00e1rias [&hellip;]\" \/>\n<meta property=\"og:url\" content=\"https:\/\/www.bullray.eu\/fr\/politica-privacidade\/\" \/>\n<meta property=\"og:site_name\" content=\"Bullray - CIT\" \/>\n<meta property=\"article:publisher\" content=\"https:\/\/www.facebook.com\/bullraycitoficial\/\" \/>\n<meta property=\"article:modified_time\" content=\"2020-03-18T16:25:17+00:00\" \/>\n<meta property=\"og:image\" content=\"https:\/\/www.bullray.eu\/wp-content\/uploads\/2020\/04\/bullray_logo_blutop.png\" \/>\n\t<meta property=\"og:image:width\" content=\"324\" \/>\n\t<meta property=\"og:image:height\" content=\"108\" \/>\n\t<meta property=\"og:image:type\" content=\"image\/png\" \/>\n<meta name=\"twitter:card\" content=\"summary_large_image\" \/>\n<meta name=\"twitter:label1\" content=\"Dur\u00e9e de lecture estim\u00e9e\" \/>\n\t<meta name=\"twitter:data1\" content=\"2 minutes\" \/>\n<script type=\"application\/ld+json\" class=\"yoast-schema-graph\">{\"@context\":\"https:\/\/schema.org\",\"@graph\":[{\"@type\":\"WebPage\",\"@id\":\"https:\/\/www.bullray.eu\/fr\/politica-privacidade\/\",\"url\":\"https:\/\/www.bullray.eu\/fr\/politica-privacidade\/\",\"name\":\"Pol\u00edtica de privacidade - Bullray - CIT\",\"isPartOf\":{\"@id\":\"https:\/\/www.bullray.eu\/#website\"},\"datePublished\":\"2020-01-07T14:19:17+00:00\",\"dateModified\":\"2020-03-18T16:25:17+00:00\",\"breadcrumb\":{\"@id\":\"https:\/\/www.bullray.eu\/fr\/politica-privacidade\/#breadcrumb\"},\"inLanguage\":\"fr-FR\",\"potentialAction\":[{\"@type\":\"ReadAction\",\"target\":[\"https:\/\/www.bullray.eu\/fr\/politica-privacidade\/\"]}]},{\"@type\":\"BreadcrumbList\",\"@id\":\"https:\/\/www.bullray.eu\/fr\/politica-privacidade\/#breadcrumb\",\"itemListElement\":[{\"@type\":\"ListItem\",\"position\":1,\"name\":\"In\u00edcio\",\"item\":\"https:\/\/www.bullray.eu\/\"},{\"@type\":\"ListItem\",\"position\":2,\"name\":\"Pol\u00edtica de privacidade\"}]},{\"@type\":\"WebSite\",\"@id\":\"https:\/\/www.bullray.eu\/#website\",\"url\":\"https:\/\/www.bullray.eu\/\",\"name\":\"Bullray - CIT\",\"description\":\"Critical Integration Technology\",\"publisher\":{\"@id\":\"https:\/\/www.bullray.eu\/#organization\"},\"potentialAction\":[{\"@type\":\"SearchAction\",\"target\":{\"@type\":\"EntryPoint\",\"urlTemplate\":\"https:\/\/www.bullray.eu\/?s={search_term_string}\"},\"query-input\":{\"@type\":\"PropertyValueSpecification\",\"valueRequired\":true,\"valueName\":\"search_term_string\"}}],\"inLanguage\":\"fr-FR\"},{\"@type\":\"Organization\",\"@id\":\"https:\/\/www.bullray.eu\/#organization\",\"name\":\"Bullray CIT\",\"url\":\"https:\/\/www.bullray.eu\/\",\"logo\":{\"@type\":\"ImageObject\",\"inLanguage\":\"fr-FR\",\"@id\":\"https:\/\/www.bullray.eu\/#\/schema\/logo\/image\/\",\"url\":\"https:\/\/www.bullray.eu\/wp-content\/uploads\/2020\/04\/Logo_Bullray.png\",\"contentUrl\":\"https:\/\/www.bullray.eu\/wp-content\/uploads\/2020\/04\/Logo_Bullray.png\",\"width\":200,\"height\":200,\"caption\":\"Bullray CIT\"},\"image\":{\"@id\":\"https:\/\/www.bullray.eu\/#\/schema\/logo\/image\/\"},\"sameAs\":[\"https:\/\/www.facebook.com\/bullraycitoficial\/\",\"https:\/\/www.linkedin.com\/company\/bullraycit\"]}]}<\/script>\n<!-- \/ Yoast SEO plugin. -->","yoast_head_json":{"title":"Pol\u00edtica de privacidade - Bullray - CIT","robots":{"index":"index","follow":"follow","max-snippet":"max-snippet:-1","max-image-preview":"max-image-preview:large","max-video-preview":"max-video-preview:-1"},"canonical":"https:\/\/www.bullray.eu\/fr\/politica-privacidade\/","og_locale":"fr_FR","og_type":"article","og_title":"Pol\u00edtica de privacidade - Bullray - CIT","og_description":"Dados pessoais Ao utilizar o nosso site poder\u00e3o ser-lhe solicitados dados relativos \u00e0 sua identifica\u00e7\u00e3o, tais como o seu: nome, contacto telef\u00f3nico e endere\u00e7o de e-mail. Contudo, salientamos que tem sempre a hip\u00f3tese de n\u00e3o indicar estes dados e visitar o nosso site em anonimamente. Os seus dados pessoais est\u00e3o seguros? A Bullray-CIT adota v\u00e1rias [&hellip;]","og_url":"https:\/\/www.bullray.eu\/fr\/politica-privacidade\/","og_site_name":"Bullray - CIT","article_publisher":"https:\/\/www.facebook.com\/bullraycitoficial\/","article_modified_time":"2020-03-18T16:25:17+00:00","og_image":[{"width":324,"height":108,"url":"https:\/\/www.bullray.eu\/wp-content\/uploads\/2020\/04\/bullray_logo_blutop.png","type":"image\/png"}],"twitter_card":"summary_large_image","twitter_misc":{"Dur\u00e9e de lecture estim\u00e9e":"2 minutes"},"schema":{"@context":"https:\/\/schema.org","@graph":[{"@type":"WebPage","@id":"https:\/\/www.bullray.eu\/fr\/politica-privacidade\/","url":"https:\/\/www.bullray.eu\/fr\/politica-privacidade\/","name":"Pol\u00edtica de privacidade - Bullray - CIT","isPartOf":{"@id":"https:\/\/www.bullray.eu\/#website"},"datePublished":"2020-01-07T14:19:17+00:00","dateModified":"2020-03-18T16:25:17+00:00","breadcrumb":{"@id":"https:\/\/www.bullray.eu\/fr\/politica-privacidade\/#breadcrumb"},"inLanguage":"fr-FR","potentialAction":[{"@type":"ReadAction","target":["https:\/\/www.bullray.eu\/fr\/politica-privacidade\/"]}]},{"@type":"BreadcrumbList","@id":"https:\/\/www.bullray.eu\/fr\/politica-privacidade\/#breadcrumb","itemListElement":[{"@type":"ListItem","position":1,"name":"In\u00edcio","item":"https:\/\/www.bullray.eu\/"},{"@type":"ListItem","position":2,"name":"Pol\u00edtica de privacidade"}]},{"@type":"WebSite","@id":"https:\/\/www.bullray.eu\/#website","url":"https:\/\/www.bullray.eu\/","name":"Bullray - CIT","description":"Critical Integration Technology","publisher":{"@id":"https:\/\/www.bullray.eu\/#organization"},"potentialAction":[{"@type":"SearchAction","target":{"@type":"EntryPoint","urlTemplate":"https:\/\/www.bullray.eu\/?s={search_term_string}"},"query-input":{"@type":"PropertyValueSpecification","valueRequired":true,"valueName":"search_term_string"}}],"inLanguage":"fr-FR"},{"@type":"Organization","@id":"https:\/\/www.bullray.eu\/#organization","name":"Bullray CIT","url":"https:\/\/www.bullray.eu\/","logo":{"@type":"ImageObject","inLanguage":"fr-FR","@id":"https:\/\/www.bullray.eu\/#\/schema\/logo\/image\/","url":"https:\/\/www.bullray.eu\/wp-content\/uploads\/2020\/04\/Logo_Bullray.png","contentUrl":"https:\/\/www.bullray.eu\/wp-content\/uploads\/2020\/04\/Logo_Bullray.png","width":200,"height":200,"caption":"Bullray CIT"},"image":{"@id":"https:\/\/www.bullray.eu\/#\/schema\/logo\/image\/"},"sameAs":["https:\/\/www.facebook.com\/bullraycitoficial\/","https:\/\/www.linkedin.com\/company\/bullraycit"]}]}},"_links":{"self":[{"href":"https:\/\/www.bullray.eu\/fr\/wp-json\/wp\/v2\/pages\/3","targetHints":{"allow":["GET"]}}],"collection":[{"href":"https:\/\/www.bullray.eu\/fr\/wp-json\/wp\/v2\/pages"}],"about":[{"href":"https:\/\/www.bullray.eu\/fr\/wp-json\/wp\/v2\/types\/page"}],"author":[{"embeddable":true,"href":"https:\/\/www.bullray.eu\/fr\/wp-json\/wp\/v2\/users\/5"}],"replies":[{"embeddable":true,"href":"https:\/\/www.bullray.eu\/fr\/wp-json\/wp\/v2\/comments?post=3"}],"version-history":[{"count":5,"href":"https:\/\/www.bullray.eu\/fr\/wp-json\/wp\/v2\/pages\/3\/revisions"}],"predecessor-version":[{"id":5636,"href":"https:\/\/www.bullray.eu\/fr\/wp-json\/wp\/v2\/pages\/3\/revisions\/5636"}],"wp:attachment":[{"href":"https:\/\/www.bullray.eu\/fr\/wp-json\/wp\/v2\/media?parent=3"}],"curies":[{"name":"wp","href":"https:\/\/api.w.org\/{rel}","templated":true}]}}